{"id":1475,"date":"2023-01-13T08:10:38","date_gmt":"2023-01-13T14:10:38","guid":{"rendered":"https:\/\/fitcr.com\/?post_type=product&#038;p=1475"},"modified":"2024-09-13T08:38:55","modified_gmt":"2024-09-13T14:38:55","slug":"gtz-6077r-leg-extension","status":"publish","type":"product","link":"https:\/\/fitcr.com\/en\/product\/gtz-6077r-leg-extension\/","title":{"rendered":"GTZ-6077R LEG EXTENSION"},"content":{"rendered":"<div class=\"page\" title=\"Page 205\">\n<div class=\"section\">\n<div class=\"layoutArea\">\n<div class=\"column\">\n<ul>\n<li>Tama\u00f1o de la m\u00e1quina(L*W*H)mm: 1240*1260*1165<\/li>\n<li>Tube: 60*120*3mm rectangular steel<\/li>\n<li>Peso de la m\u00e1quina :165kg<\/li>\n<\/ul>\n<\/div>\n<\/div>\n<\/div>\n<\/div>","protected":false},"excerpt":{"rendered":"<p>Tama\u00f1o de la m\u00e1quina(L*W*H)mm: 1240*1260*1165 Tubo: 60*120*3mm de acero rectangular Peso de la m\u00e1quina :165kg<\/p>","protected":false},"featured_media":1476,"template":"","meta":[],"product_brand":[],"product_cat":[42],"product_tag":[],"class_list":{"0":"post-1475","1":"product","2":"type-product","3":"status-publish","4":"has-post-thumbnail","6":"product_cat-fuerza","8":"first","9":"instock","10":"taxable","11":"shipping-taxable","12":"purchasable","13":"product-type-simple"},"_links":{"self":[{"href":"https:\/\/fitcr.com\/en\/wp-json\/wp\/v2\/product\/1475","targetHints":{"allow":["GET"]}}],"collection":[{"href":"https:\/\/fitcr.com\/en\/wp-json\/wp\/v2\/product"}],"about":[{"href":"https:\/\/fitcr.com\/en\/wp-json\/wp\/v2\/types\/product"}],"wp:featuredmedia":[{"embeddable":true,"href":"https:\/\/fitcr.com\/en\/wp-json\/wp\/v2\/media\/1476"}],"wp:attachment":[{"href":"https:\/\/fitcr.com\/en\/wp-json\/wp\/v2\/media?parent=1475"}],"wp:term":[{"taxonomy":"product_brand","embeddable":true,"href":"https:\/\/fitcr.com\/en\/wp-json\/wp\/v2\/product_brand?post=1475"},{"taxonomy":"product_cat","embeddable":true,"href":"https:\/\/fitcr.com\/en\/wp-json\/wp\/v2\/product_cat?post=1475"},{"taxonomy":"product_tag","embeddable":true,"href":"https:\/\/fitcr.com\/en\/wp-json\/wp\/v2\/product_tag?post=1475"}],"curies":[{"name":"wp","href":"https:\/\/api.w.org\/{rel}","templated":true}]}}