{"id":1513,"date":"2023-01-14T16:59:15","date_gmt":"2023-01-14T22:59:15","guid":{"rendered":"https:\/\/fitcr.com\/?post_type=product&#038;p=1513"},"modified":"2024-09-12T10:55:41","modified_gmt":"2024-09-12T16:55:41","slug":"gtz-2030br-commercial-upright-bike","status":"publish","type":"product","link":"https:\/\/fitcr.com\/en\/product\/gtz-2030br-commercial-upright-bike\/","title":{"rendered":"GTZ-2030BR COMMERCIAL UPRIGHT BIKE"},"content":{"rendered":"<ul>\n<li>Input power\uff1a50W<\/li>\n<li>Resistance range\uff1a20 levels<\/li>\n<li>Heart rate system\uff1amanual maintain heart rate\uff08Wireless heart rate can be provided\uff09,<\/li>\n<li>Electronic meter:<\/li>\n<li>numerical value, time, distance, calories, speed, resistance, heart rate.<\/li>\n<li>Training program \uff1a8 preset programs +4 target programs<\/li>\n<li>Machine size : L:1230mm*W:520mm*H:1500mm<\/li>\n<li>NW:62.4G<\/li>\n<li>GW:90KG<\/li>\n<\/ul>","protected":false},"excerpt":{"rendered":"<p>Potencia de entrada\uff1a50W Rango de resistencia\uff1a20 niveles Sistema de frecuencia card\u00edaca\uff1amanual mantener la frecuencia card\u00edaca\uff08Se puede proporcionar frecuencia card\u00edaca inal\u00e1mbrica\uff09, Medidor electr\u00f3nico: valor num\u00e9rico, tiempo, distancia, calor\u00edas, velocidad, resistencia, frecuencia card\u00edaca. Programa de entrenamiento \uff1a8 programas preestablecidos +4 programas objetivo Tama\u00f1o de la m\u00e1quina : L:1230mm*W:520mm*H:1500mm N.W.:62.4G G.W.:90KG<\/p>","protected":false},"featured_media":2416,"template":"","meta":[],"product_brand":[],"product_cat":[33],"product_tag":[],"class_list":{"0":"post-1513","1":"product","2":"type-product","3":"status-publish","4":"has-post-thumbnail","6":"product_cat-bicicletas","8":"first","9":"instock","10":"taxable","11":"shipping-taxable","12":"purchasable","13":"product-type-simple"},"_links":{"self":[{"href":"https:\/\/fitcr.com\/en\/wp-json\/wp\/v2\/product\/1513","targetHints":{"allow":["GET"]}}],"collection":[{"href":"https:\/\/fitcr.com\/en\/wp-json\/wp\/v2\/product"}],"about":[{"href":"https:\/\/fitcr.com\/en\/wp-json\/wp\/v2\/types\/product"}],"wp:featuredmedia":[{"embeddable":true,"href":"https:\/\/fitcr.com\/en\/wp-json\/wp\/v2\/media\/2416"}],"wp:attachment":[{"href":"https:\/\/fitcr.com\/en\/wp-json\/wp\/v2\/media?parent=1513"}],"wp:term":[{"taxonomy":"product_brand","embeddable":true,"href":"https:\/\/fitcr.com\/en\/wp-json\/wp\/v2\/product_brand?post=1513"},{"taxonomy":"product_cat","embeddable":true,"href":"https:\/\/fitcr.com\/en\/wp-json\/wp\/v2\/product_cat?post=1513"},{"taxonomy":"product_tag","embeddable":true,"href":"https:\/\/fitcr.com\/en\/wp-json\/wp\/v2\/product_tag?post=1513"}],"curies":[{"name":"wp","href":"https:\/\/api.w.org\/{rel}","templated":true}]}}