{"id":1521,"date":"2023-01-15T07:58:22","date_gmt":"2023-01-15T13:58:22","guid":{"rendered":"https:\/\/fitcr.com\/?post_type=product&#038;p=1521"},"modified":"2024-10-15T14:53:56","modified_gmt":"2024-10-15T20:53:56","slug":"gtz-7013ar-wooden-commercial-water-rower-2","status":"publish","type":"product","link":"https:\/\/fitcr.com\/en\/product\/gtz-7013ar-wooden-commercial-water-rower-2\/","title":{"rendered":"GTZ-7013AR WOODEN COMMERCIAL WATER ROWER"},"content":{"rendered":"<ul>\n<li>Machine size(L*W*H)mm: 2160*560*570<\/li>\n<li>Machine weight: 35\/48 kg<\/li>\n<\/ul>\n<p>&nbsp;<\/p>","protected":false},"excerpt":{"rendered":"<p>Tama\u00f1o de la m\u00e1quina (L*W*H)mm: 2160*560*570 Peso de la m\u00e1quina:35\/48 kg &nbsp;<\/p>","protected":false},"featured_media":1522,"template":"","meta":[],"product_brand":[],"product_cat":[34],"product_tag":[],"class_list":{"0":"post-1521","1":"product","2":"type-product","3":"status-publish","4":"has-post-thumbnail","6":"product_cat-remos","8":"first","9":"instock","10":"taxable","11":"shipping-taxable","12":"purchasable","13":"product-type-simple"},"_links":{"self":[{"href":"https:\/\/fitcr.com\/en\/wp-json\/wp\/v2\/product\/1521","targetHints":{"allow":["GET"]}}],"collection":[{"href":"https:\/\/fitcr.com\/en\/wp-json\/wp\/v2\/product"}],"about":[{"href":"https:\/\/fitcr.com\/en\/wp-json\/wp\/v2\/types\/product"}],"wp:featuredmedia":[{"embeddable":true,"href":"https:\/\/fitcr.com\/en\/wp-json\/wp\/v2\/media\/1522"}],"wp:attachment":[{"href":"https:\/\/fitcr.com\/en\/wp-json\/wp\/v2\/media?parent=1521"}],"wp:term":[{"taxonomy":"product_brand","embeddable":true,"href":"https:\/\/fitcr.com\/en\/wp-json\/wp\/v2\/product_brand?post=1521"},{"taxonomy":"product_cat","embeddable":true,"href":"https:\/\/fitcr.com\/en\/wp-json\/wp\/v2\/product_cat?post=1521"},{"taxonomy":"product_tag","embeddable":true,"href":"https:\/\/fitcr.com\/en\/wp-json\/wp\/v2\/product_tag?post=1521"}],"curies":[{"name":"wp","href":"https:\/\/api.w.org\/{rel}","templated":true}]}}