{"id":1535,"date":"2023-01-15T08:45:35","date_gmt":"2023-01-15T14:45:35","guid":{"rendered":"https:\/\/fitcr.com\/?post_type=product&#038;p=1535"},"modified":"2024-09-12T15:51:35","modified_gmt":"2024-09-12T21:51:35","slug":"gtz-q1004r-multi-functional-bench","status":"publish","type":"product","link":"https:\/\/fitcr.com\/en\/product\/gtz-q1004r-multi-functional-bench\/","title":{"rendered":"GTZ-Q1004R MULTI GYM FUNCTIONAL BENCH"},"content":{"rendered":"<ul>\n<li>Machine size(L*W*H)mm:2800*1450*(1400~1950)mm<\/li>\n<li>Packaging: Plywood case + carton<\/li>\n<li>Plywood case size(L*W*H)mm:1500*730*300mm<\/li>\n<li>Carton size(L*W*H)mm:1400*620*250mm<\/li>\n<li>Weight stack: 13KG<\/li>\n<li>GW: 160KG<\/li>\n<\/ul>","protected":false},"excerpt":{"rendered":"<p>Tama\u00f1o de la m\u00e1quina (L*W*H)mm:2800*1450*(1400~1950)mm Embalaje: Caja de madera contrachapada + cart\u00f3n Tama\u00f1o de la caja de madera contrachapada (L*A*A)mm:1500*730*300mm Tama\u00f1o del cart\u00f3n (L*W*H)mm: 1400*620*250mm Stack de peso: 13KG G.W: 160KG<\/p>","protected":false},"featured_media":2562,"template":"","meta":[],"product_brand":[],"product_cat":[42],"product_tag":[],"class_list":{"0":"post-1535","1":"product","2":"type-product","3":"status-publish","4":"has-post-thumbnail","6":"product_cat-fuerza","8":"first","9":"instock","10":"taxable","11":"shipping-taxable","12":"purchasable","13":"product-type-simple"},"_links":{"self":[{"href":"https:\/\/fitcr.com\/en\/wp-json\/wp\/v2\/product\/1535","targetHints":{"allow":["GET"]}}],"collection":[{"href":"https:\/\/fitcr.com\/en\/wp-json\/wp\/v2\/product"}],"about":[{"href":"https:\/\/fitcr.com\/en\/wp-json\/wp\/v2\/types\/product"}],"wp:featuredmedia":[{"embeddable":true,"href":"https:\/\/fitcr.com\/en\/wp-json\/wp\/v2\/media\/2562"}],"wp:attachment":[{"href":"https:\/\/fitcr.com\/en\/wp-json\/wp\/v2\/media?parent=1535"}],"wp:term":[{"taxonomy":"product_brand","embeddable":true,"href":"https:\/\/fitcr.com\/en\/wp-json\/wp\/v2\/product_brand?post=1535"},{"taxonomy":"product_cat","embeddable":true,"href":"https:\/\/fitcr.com\/en\/wp-json\/wp\/v2\/product_cat?post=1535"},{"taxonomy":"product_tag","embeddable":true,"href":"https:\/\/fitcr.com\/en\/wp-json\/wp\/v2\/product_tag?post=1535"}],"curies":[{"name":"wp","href":"https:\/\/api.w.org\/{rel}","templated":true}]}}