{"id":1549,"date":"2023-01-15T09:10:33","date_gmt":"2023-01-15T15:10:33","guid":{"rendered":"https:\/\/fitcr.com\/?post_type=product&#038;p=1549"},"modified":"2024-09-12T15:44:46","modified_gmt":"2024-09-12T21:44:46","slug":"gtz-q1015r-half-rack","status":"publish","type":"product","link":"https:\/\/fitcr.com\/en\/product\/gtz-q1015r-half-rack\/","title":{"rendered":"GTZ-Q1015R HALF RACK"},"content":{"rendered":"<ul>\n<li>Machine size (L*W*H)mm: 1170*1980*2260<\/li>\n<li>Tube: 50*75*2mm, 40*80*2mm steel square tube<\/li>\n<li>Machine weight: 60 kg<\/li>\n<\/ul>","protected":false},"excerpt":{"rendered":"<p>Tama\u00f1o de la m\u00e1quina (L*W*H)mm: 1170*1980*2260 Tubo: 50*75*2mm, 40*80*2mm tubo cuadrado de acero Peso de la m\u00e1quina: 60 kg<\/p>","protected":false},"featured_media":1550,"template":"","meta":[],"product_brand":[],"product_cat":[42],"product_tag":[],"class_list":{"0":"post-1549","1":"product","2":"type-product","3":"status-publish","4":"has-post-thumbnail","6":"product_cat-fuerza","8":"first","9":"instock","10":"taxable","11":"shipping-taxable","12":"purchasable","13":"product-type-simple"},"_links":{"self":[{"href":"https:\/\/fitcr.com\/en\/wp-json\/wp\/v2\/product\/1549","targetHints":{"allow":["GET"]}}],"collection":[{"href":"https:\/\/fitcr.com\/en\/wp-json\/wp\/v2\/product"}],"about":[{"href":"https:\/\/fitcr.com\/en\/wp-json\/wp\/v2\/types\/product"}],"wp:featuredmedia":[{"embeddable":true,"href":"https:\/\/fitcr.com\/en\/wp-json\/wp\/v2\/media\/1550"}],"wp:attachment":[{"href":"https:\/\/fitcr.com\/en\/wp-json\/wp\/v2\/media?parent=1549"}],"wp:term":[{"taxonomy":"product_brand","embeddable":true,"href":"https:\/\/fitcr.com\/en\/wp-json\/wp\/v2\/product_brand?post=1549"},{"taxonomy":"product_cat","embeddable":true,"href":"https:\/\/fitcr.com\/en\/wp-json\/wp\/v2\/product_cat?post=1549"},{"taxonomy":"product_tag","embeddable":true,"href":"https:\/\/fitcr.com\/en\/wp-json\/wp\/v2\/product_tag?post=1549"}],"curies":[{"name":"wp","href":"https:\/\/api.w.org\/{rel}","templated":true}]}}