{"id":1551,"date":"2023-01-15T11:20:09","date_gmt":"2023-01-15T17:20:09","guid":{"rendered":"https:\/\/fitcr.com\/?post_type=product&#038;p=1551"},"modified":"2024-09-12T15:44:05","modified_gmt":"2024-09-12T21:44:05","slug":"gtz-q1020r-adjustable-bench","status":"publish","type":"product","link":"https:\/\/fitcr.com\/en\/product\/gtz-q1020r-adjustable-bench\/","title":{"rendered":"GTZ-Q1020R ADJUSTABLE BENCH"},"content":{"rendered":"<ul>\n<li>Machine size (L*W*H)mm:1350*540*470mm<\/li>\n<li>Packing size (L*W*H)mm:1300*450*250mm<\/li>\n<li>Stack de peso: 32KG<\/li>\n<li>G.W: 35KG<\/li>\n<\/ul>","protected":false},"excerpt":{"rendered":"<p>Tama\u00f1o de la m\u00e1quina (L*W*H)mm:1350*540*470mm Tama\u00f1o del embalaje (L*A*A)mm:1300*450*250mm Stack de peso: 32KG G.W: 35KG<\/p>","protected":false},"featured_media":1552,"template":"","meta":[],"product_brand":[],"product_cat":[42],"product_tag":[],"class_list":{"0":"post-1551","1":"product","2":"type-product","3":"status-publish","4":"has-post-thumbnail","6":"product_cat-fuerza","8":"first","9":"instock","10":"taxable","11":"shipping-taxable","12":"purchasable","13":"product-type-simple"},"_links":{"self":[{"href":"https:\/\/fitcr.com\/en\/wp-json\/wp\/v2\/product\/1551","targetHints":{"allow":["GET"]}}],"collection":[{"href":"https:\/\/fitcr.com\/en\/wp-json\/wp\/v2\/product"}],"about":[{"href":"https:\/\/fitcr.com\/en\/wp-json\/wp\/v2\/types\/product"}],"wp:featuredmedia":[{"embeddable":true,"href":"https:\/\/fitcr.com\/en\/wp-json\/wp\/v2\/media\/1552"}],"wp:attachment":[{"href":"https:\/\/fitcr.com\/en\/wp-json\/wp\/v2\/media?parent=1551"}],"wp:term":[{"taxonomy":"product_brand","embeddable":true,"href":"https:\/\/fitcr.com\/en\/wp-json\/wp\/v2\/product_brand?post=1551"},{"taxonomy":"product_cat","embeddable":true,"href":"https:\/\/fitcr.com\/en\/wp-json\/wp\/v2\/product_cat?post=1551"},{"taxonomy":"product_tag","embeddable":true,"href":"https:\/\/fitcr.com\/en\/wp-json\/wp\/v2\/product_tag?post=1551"}],"curies":[{"name":"wp","href":"https:\/\/api.w.org\/{rel}","templated":true}]}}