{"id":1555,"date":"2023-01-15T11:25:41","date_gmt":"2023-01-15T17:25:41","guid":{"rendered":"https:\/\/fitcr.com\/?post_type=product&#038;p=1555"},"modified":"2024-09-12T15:41:58","modified_gmt":"2024-09-12T21:41:58","slug":"gtz-q1022r-mult-functional-bench","status":"publish","type":"product","link":"https:\/\/fitcr.com\/en\/product\/gtz-q1022r-mult-functional-bench\/","title":{"rendered":"\u200bGTZ-Q1022R MULTI-FUNCTIONAL BENCH"},"content":{"rendered":"<ul>\n<li>Machine size (L*W*H)mm:1850*690*(800~1300)mm<\/li>\n<li>Packing size (L*W*H)mm: 1400*620*250mm<\/li>\n<li>Packaging: Carton<\/li>\n<li>Stack de peso: 42KG<\/li>\n<li>G.W: 44KG<\/li>\n<\/ul>","protected":false},"excerpt":{"rendered":"<p>Tama\u00f1o de la m\u00e1quina (L*W*H)mm:1850*690*(800~1300)mm Tama\u00f1o del embalaje (L*A*A)mm: 1400*620*250 mm Embalaje: Cart\u00f3n Stack de peso: 42KG G.W: 44KG<\/p>","protected":false},"featured_media":1556,"template":"","meta":[],"product_brand":[],"product_cat":[42],"product_tag":[],"class_list":{"0":"post-1555","1":"product","2":"type-product","3":"status-publish","4":"has-post-thumbnail","6":"product_cat-fuerza","8":"first","9":"instock","10":"taxable","11":"shipping-taxable","12":"purchasable","13":"product-type-simple"},"_links":{"self":[{"href":"https:\/\/fitcr.com\/en\/wp-json\/wp\/v2\/product\/1555","targetHints":{"allow":["GET"]}}],"collection":[{"href":"https:\/\/fitcr.com\/en\/wp-json\/wp\/v2\/product"}],"about":[{"href":"https:\/\/fitcr.com\/en\/wp-json\/wp\/v2\/types\/product"}],"wp:featuredmedia":[{"embeddable":true,"href":"https:\/\/fitcr.com\/en\/wp-json\/wp\/v2\/media\/1556"}],"wp:attachment":[{"href":"https:\/\/fitcr.com\/en\/wp-json\/wp\/v2\/media?parent=1555"}],"wp:term":[{"taxonomy":"product_brand","embeddable":true,"href":"https:\/\/fitcr.com\/en\/wp-json\/wp\/v2\/product_brand?post=1555"},{"taxonomy":"product_cat","embeddable":true,"href":"https:\/\/fitcr.com\/en\/wp-json\/wp\/v2\/product_cat?post=1555"},{"taxonomy":"product_tag","embeddable":true,"href":"https:\/\/fitcr.com\/en\/wp-json\/wp\/v2\/product_tag?post=1555"}],"curies":[{"name":"wp","href":"https:\/\/api.w.org\/{rel}","templated":true}]}}