{"id":1569,"date":"2023-01-15T11:50:01","date_gmt":"2023-01-15T17:50:01","guid":{"rendered":"https:\/\/fitcr.com\/?post_type=product&#038;p=1569"},"modified":"2024-09-12T15:39:43","modified_gmt":"2024-09-12T21:39:43","slug":"gtz-360sr-synrgy-360s","status":"publish","type":"product","link":"https:\/\/fitcr.com\/en\/product\/gtz-360sr-synrgy-360s\/","title":{"rendered":"GTZ-360SR SYNRGY 360S"},"content":{"rendered":"<ul>\n<li>Machine size: 4594*4279*2442mm<\/li>\n<li>Tube 50*100*3mm flat elliptical tube<\/li>\n<li>Pile weight: 80kg<\/li>\n<li>Weight: 1050kg<\/li>\n<\/ul>","protected":false},"excerpt":{"rendered":"<p>Tama\u00f1o de la m\u00e1quina: 4594*4279*2442mm Tubo 50*100*3mm tubo el\u00edptico plano Peso de la pila: 80kg Peso: 1050kg<\/p>","protected":false},"featured_media":1570,"template":"","meta":[],"product_brand":[],"product_cat":[45],"product_tag":[],"class_list":{"0":"post-1569","1":"product","2":"type-product","3":"status-publish","4":"has-post-thumbnail","6":"product_cat-group-trainer","8":"first","9":"instock","10":"taxable","11":"shipping-taxable","12":"purchasable","13":"product-type-simple"},"_links":{"self":[{"href":"https:\/\/fitcr.com\/en\/wp-json\/wp\/v2\/product\/1569","targetHints":{"allow":["GET"]}}],"collection":[{"href":"https:\/\/fitcr.com\/en\/wp-json\/wp\/v2\/product"}],"about":[{"href":"https:\/\/fitcr.com\/en\/wp-json\/wp\/v2\/types\/product"}],"wp:featuredmedia":[{"embeddable":true,"href":"https:\/\/fitcr.com\/en\/wp-json\/wp\/v2\/media\/1570"}],"wp:attachment":[{"href":"https:\/\/fitcr.com\/en\/wp-json\/wp\/v2\/media?parent=1569"}],"wp:term":[{"taxonomy":"product_brand","embeddable":true,"href":"https:\/\/fitcr.com\/en\/wp-json\/wp\/v2\/product_brand?post=1569"},{"taxonomy":"product_cat","embeddable":true,"href":"https:\/\/fitcr.com\/en\/wp-json\/wp\/v2\/product_cat?post=1569"},{"taxonomy":"product_tag","embeddable":true,"href":"https:\/\/fitcr.com\/en\/wp-json\/wp\/v2\/product_tag?post=1569"}],"curies":[{"name":"wp","href":"https:\/\/api.w.org\/{rel}","templated":true}]}}