{"id":1575,"date":"2023-01-15T11:55:23","date_gmt":"2023-01-15T17:55:23","guid":{"rendered":"https:\/\/fitcr.com\/?post_type=product&#038;p=1575"},"modified":"2024-09-12T15:38:23","modified_gmt":"2024-09-12T21:38:23","slug":"gtz-360xmr-synrgy-360xm","status":"publish","type":"product","link":"https:\/\/fitcr.com\/en\/product\/gtz-360xmr-synrgy-360xm\/","title":{"rendered":"GTZ-360XMR SYNRGY 360XM"},"content":{"rendered":"<ul>\n<li>Name: SYNRGY 360XM<\/li>\n<li>Machine size: 3149*5192*2252mm<\/li>\n<li>Tube 50*100*3mm flat elliptical tube<\/li>\n<li>Pile weight: 80kgx2<\/li>\n<li>Weight: 1050kg<\/li>\n<li>Recommended living area \uff1a6700mm*8200mm<\/li>\n<\/ul>","protected":false},"excerpt":{"rendered":"<p>Nombre: SYNRGY 360XM Tama\u00f1o de la m\u00e1quina: 3149*5192*2252mm Tubo 50*100*3mm tubo el\u00edptico plano Peso de la pila: 80kgx2 Peso: 1050kg \u00c1rea viva recomendada \uff1a6700mm*8200mm<\/p>","protected":false},"featured_media":1576,"template":"","meta":[],"product_brand":[],"product_cat":[45],"product_tag":[],"class_list":{"0":"post-1575","1":"product","2":"type-product","3":"status-publish","4":"has-post-thumbnail","6":"product_cat-group-trainer","8":"first","9":"instock","10":"taxable","11":"shipping-taxable","12":"purchasable","13":"product-type-simple"},"_links":{"self":[{"href":"https:\/\/fitcr.com\/en\/wp-json\/wp\/v2\/product\/1575","targetHints":{"allow":["GET"]}}],"collection":[{"href":"https:\/\/fitcr.com\/en\/wp-json\/wp\/v2\/product"}],"about":[{"href":"https:\/\/fitcr.com\/en\/wp-json\/wp\/v2\/types\/product"}],"wp:featuredmedia":[{"embeddable":true,"href":"https:\/\/fitcr.com\/en\/wp-json\/wp\/v2\/media\/1576"}],"wp:attachment":[{"href":"https:\/\/fitcr.com\/en\/wp-json\/wp\/v2\/media?parent=1575"}],"wp:term":[{"taxonomy":"product_brand","embeddable":true,"href":"https:\/\/fitcr.com\/en\/wp-json\/wp\/v2\/product_brand?post=1575"},{"taxonomy":"product_cat","embeddable":true,"href":"https:\/\/fitcr.com\/en\/wp-json\/wp\/v2\/product_cat?post=1575"},{"taxonomy":"product_tag","embeddable":true,"href":"https:\/\/fitcr.com\/en\/wp-json\/wp\/v2\/product_tag?post=1575"}],"curies":[{"name":"wp","href":"https:\/\/api.w.org\/{rel}","templated":true}]}}