{"id":1577,"date":"2023-01-15T11:56:58","date_gmt":"2023-01-15T17:56:58","guid":{"rendered":"https:\/\/fitcr.com\/?post_type=product&#038;p=1577"},"modified":"2024-09-12T15:36:50","modified_gmt":"2024-09-12T21:36:50","slug":"gtz-360xlr-synrgy-360xl","status":"publish","type":"product","link":"https:\/\/fitcr.com\/en\/product\/gtz-360xlr-synrgy-360xl\/","title":{"rendered":"GTZ-360XLR SYNRGY 360XL"},"content":{"rendered":"<ul>\n<li>Machine size: 5559*4415*2578mm<\/li>\n<li>Tube 50*100*3mm flat elliptical tube<\/li>\n<li>Pile weight: 80kgx2<\/li>\n<li>Weight: 1317kg<\/li>\n<\/ul>","protected":false},"excerpt":{"rendered":"<p>Tama\u00f1o de la m\u00e1quina: 5559*4415*2578mm Tubo 50*100*3mm tubo el\u00edptico plano Peso de la pila: 80kgx2 Peso: 1317kg<\/p>","protected":false},"featured_media":1578,"template":"","meta":[],"product_brand":[],"product_cat":[45],"product_tag":[],"class_list":{"0":"post-1577","1":"product","2":"type-product","3":"status-publish","4":"has-post-thumbnail","6":"product_cat-group-trainer","8":"first","9":"instock","10":"taxable","11":"shipping-taxable","12":"purchasable","13":"product-type-simple"},"_links":{"self":[{"href":"https:\/\/fitcr.com\/en\/wp-json\/wp\/v2\/product\/1577","targetHints":{"allow":["GET"]}}],"collection":[{"href":"https:\/\/fitcr.com\/en\/wp-json\/wp\/v2\/product"}],"about":[{"href":"https:\/\/fitcr.com\/en\/wp-json\/wp\/v2\/types\/product"}],"wp:featuredmedia":[{"embeddable":true,"href":"https:\/\/fitcr.com\/en\/wp-json\/wp\/v2\/media\/1578"}],"wp:attachment":[{"href":"https:\/\/fitcr.com\/en\/wp-json\/wp\/v2\/media?parent=1577"}],"wp:term":[{"taxonomy":"product_brand","embeddable":true,"href":"https:\/\/fitcr.com\/en\/wp-json\/wp\/v2\/product_brand?post=1577"},{"taxonomy":"product_cat","embeddable":true,"href":"https:\/\/fitcr.com\/en\/wp-json\/wp\/v2\/product_cat?post=1577"},{"taxonomy":"product_tag","embeddable":true,"href":"https:\/\/fitcr.com\/en\/wp-json\/wp\/v2\/product_tag?post=1577"}],"curies":[{"name":"wp","href":"https:\/\/api.w.org\/{rel}","templated":true}]}}