{"id":1604,"date":"2023-01-15T14:18:15","date_gmt":"2023-01-15T20:18:15","guid":{"rendered":"https:\/\/fitcr.com\/?post_type=product&#038;p=1604"},"modified":"2024-09-12T15:28:27","modified_gmt":"2024-09-12T21:28:27","slug":"gtz-q1052r-leg-press-attachment-for-multi-functional-smith-machine","status":"publish","type":"product","link":"https:\/\/fitcr.com\/en\/product\/gtz-q1052r-leg-press-attachment-for-multi-functional-smith-machine\/","title":{"rendered":"GTZ-Q1052R LEG PRESS ATTACHMENT FOR MULTI-FUNCTIONAL SMITH MACHINE"},"content":{"rendered":"<ul>\n<li>Machine size(L*W*H)mm: 1140*398mm<\/li>\n<li>Platform size: 520*398mm<\/li>\n<li>Weight stack: 10kg<\/li>\n<li>GW: 11kg<\/li>\n<\/ul>","protected":false},"excerpt":{"rendered":"<p>Tama\u00f1o de la m\u00e1quina (L*W*H)mm: 1140*398mm Tama\u00f1o de la plataforma: 520*398mm Stack de peso: 10kg G.W: 11kg<\/p>","protected":false},"featured_media":1605,"template":"","meta":[],"product_brand":[],"product_cat":[42],"product_tag":[],"class_list":{"0":"post-1604","1":"product","2":"type-product","3":"status-publish","4":"has-post-thumbnail","6":"product_cat-fuerza","8":"first","9":"instock","10":"taxable","11":"shipping-taxable","12":"purchasable","13":"product-type-simple"},"_links":{"self":[{"href":"https:\/\/fitcr.com\/en\/wp-json\/wp\/v2\/product\/1604","targetHints":{"allow":["GET"]}}],"collection":[{"href":"https:\/\/fitcr.com\/en\/wp-json\/wp\/v2\/product"}],"about":[{"href":"https:\/\/fitcr.com\/en\/wp-json\/wp\/v2\/types\/product"}],"wp:featuredmedia":[{"embeddable":true,"href":"https:\/\/fitcr.com\/en\/wp-json\/wp\/v2\/media\/1605"}],"wp:attachment":[{"href":"https:\/\/fitcr.com\/en\/wp-json\/wp\/v2\/media?parent=1604"}],"wp:term":[{"taxonomy":"product_brand","embeddable":true,"href":"https:\/\/fitcr.com\/en\/wp-json\/wp\/v2\/product_brand?post=1604"},{"taxonomy":"product_cat","embeddable":true,"href":"https:\/\/fitcr.com\/en\/wp-json\/wp\/v2\/product_cat?post=1604"},{"taxonomy":"product_tag","embeddable":true,"href":"https:\/\/fitcr.com\/en\/wp-json\/wp\/v2\/product_tag?post=1604"}],"curies":[{"name":"wp","href":"https:\/\/api.w.org\/{rel}","templated":true}]}}