{"id":1671,"date":"2023-01-21T09:46:36","date_gmt":"2023-01-21T15:46:36","guid":{"rendered":"https:\/\/fitcr.com\/?post_type=product&#038;p=1671"},"modified":"2024-09-17T10:29:01","modified_gmt":"2024-09-17T16:29:01","slug":"gc-5002-1r-seated-leg-extension","status":"publish","type":"product","link":"https:\/\/fitcr.com\/en\/product\/gc-5002-1r-seated-leg-extension\/","title":{"rendered":"GC-5002-1R SEATED LEG EXTENSION"},"content":{"rendered":"<ul>\n<li>Machine size: 1300*980*1550mm<\/li>\n<li>Packing size: 1600*700*450mm<\/li>\n<li>Weight stack: 80 KG<\/li>\n<li>GW: 193KG<\/li>\n<li>Main tube 1: rectangular 50*100*2.5mm<\/li>\n<li>Main tube 2: rectangular 50*75*2.5mm<\/li>\n<\/ul>","protected":false},"excerpt":{"rendered":"<p>Tama\u00f1o de la m\u00e1quina:1300*980*1550mm Tama\u00f1o del embalaje:1600*700*450mm Stack de peso: 80 KG G.W.: 193KG Tubo principal 1: rectangular 50*100*2.5mm Tubo principal 2: rectangular 50*75*2.5mm<\/p>","protected":false},"featured_media":3178,"template":"","meta":[],"product_brand":[],"product_cat":[42],"product_tag":[],"class_list":{"0":"post-1671","1":"product","2":"type-product","3":"status-publish","4":"has-post-thumbnail","6":"product_cat-fuerza","8":"first","9":"instock","10":"taxable","11":"shipping-taxable","12":"purchasable","13":"product-type-simple"},"_links":{"self":[{"href":"https:\/\/fitcr.com\/en\/wp-json\/wp\/v2\/product\/1671","targetHints":{"allow":["GET"]}}],"collection":[{"href":"https:\/\/fitcr.com\/en\/wp-json\/wp\/v2\/product"}],"about":[{"href":"https:\/\/fitcr.com\/en\/wp-json\/wp\/v2\/types\/product"}],"wp:featuredmedia":[{"embeddable":true,"href":"https:\/\/fitcr.com\/en\/wp-json\/wp\/v2\/media\/3178"}],"wp:attachment":[{"href":"https:\/\/fitcr.com\/en\/wp-json\/wp\/v2\/media?parent=1671"}],"wp:term":[{"taxonomy":"product_brand","embeddable":true,"href":"https:\/\/fitcr.com\/en\/wp-json\/wp\/v2\/product_brand?post=1671"},{"taxonomy":"product_cat","embeddable":true,"href":"https:\/\/fitcr.com\/en\/wp-json\/wp\/v2\/product_cat?post=1671"},{"taxonomy":"product_tag","embeddable":true,"href":"https:\/\/fitcr.com\/en\/wp-json\/wp\/v2\/product_tag?post=1671"}],"curies":[{"name":"wp","href":"https:\/\/api.w.org\/{rel}","templated":true}]}}