{"id":1675,"date":"2023-01-21T10:00:47","date_gmt":"2023-01-21T16:00:47","guid":{"rendered":"https:\/\/fitcr.com\/?post_type=product&#038;p=1675"},"modified":"2024-09-12T13:16:08","modified_gmt":"2024-09-12T19:16:08","slug":"gc-5022-1r-glute-machine","status":"publish","type":"product","link":"https:\/\/fitcr.com\/en\/product\/gc-5022-1r-glute-machine\/","title":{"rendered":"GC-5022-1R GLUTE MACHINE"},"content":{"rendered":"<ul>\n<li>Machine size: 2000*1020*1550mm<\/li>\n<li>Weight stack: 80KG<\/li>\n<li>Machine weight: 180KG<\/li>\n<li>Main tube 1: rectangular 50*100*2.5mm<\/li>\n<li>Main tube 2: rectangular 50*75*2.5mm<\/li>\n<\/ul>","protected":false},"excerpt":{"rendered":"<p>Tama\u00f1o de la m\u00e1quina: 2000*1020*1550mm Stack de peso: 80KG Peso de la m\u00e1quina: 180KG Tubo principal 1: rectangular 50*100*2.5mm Tubo principal 2: rectangular 50*75*2.5mm<\/p>","protected":false},"featured_media":2454,"template":"","meta":[],"product_brand":[],"product_cat":[42],"product_tag":[],"class_list":{"0":"post-1675","1":"product","2":"type-product","3":"status-publish","4":"has-post-thumbnail","6":"product_cat-fuerza","8":"first","9":"instock","10":"taxable","11":"shipping-taxable","12":"purchasable","13":"product-type-simple"},"_links":{"self":[{"href":"https:\/\/fitcr.com\/en\/wp-json\/wp\/v2\/product\/1675","targetHints":{"allow":["GET"]}}],"collection":[{"href":"https:\/\/fitcr.com\/en\/wp-json\/wp\/v2\/product"}],"about":[{"href":"https:\/\/fitcr.com\/en\/wp-json\/wp\/v2\/types\/product"}],"wp:featuredmedia":[{"embeddable":true,"href":"https:\/\/fitcr.com\/en\/wp-json\/wp\/v2\/media\/2454"}],"wp:attachment":[{"href":"https:\/\/fitcr.com\/en\/wp-json\/wp\/v2\/media?parent=1675"}],"wp:term":[{"taxonomy":"product_brand","embeddable":true,"href":"https:\/\/fitcr.com\/en\/wp-json\/wp\/v2\/product_brand?post=1675"},{"taxonomy":"product_cat","embeddable":true,"href":"https:\/\/fitcr.com\/en\/wp-json\/wp\/v2\/product_cat?post=1675"},{"taxonomy":"product_tag","embeddable":true,"href":"https:\/\/fitcr.com\/en\/wp-json\/wp\/v2\/product_tag?post=1675"}],"curies":[{"name":"wp","href":"https:\/\/api.w.org\/{rel}","templated":true}]}}