{"id":1686,"date":"2023-01-21T10:39:15","date_gmt":"2023-01-21T16:39:15","guid":{"rendered":"https:\/\/fitcr.com\/?post_type=product&#038;p=1686"},"modified":"2024-09-12T13:40:38","modified_gmt":"2024-09-12T19:40:38","slug":"gc-5095r-lateral-shoulder","status":"publish","type":"product","link":"https:\/\/fitcr.com\/en\/product\/gc-5095r-lateral-shoulder\/","title":{"rendered":"GC-5095R LATERAL SHOULDER"},"content":{"rendered":"<ul>\n<li>Machine size: 620*775*1550mm<\/li>\n<li>Weight stack: 80KG<\/li>\n<li>Machine weight: 150KG<\/li>\n<li>Main tube 1: rectangular 50*100*2.5mm<\/li>\n<li>Main tube 2: rectangular 50*75*2.5mm<\/li>\n<\/ul>\n<div class=\"loadjs\"><\/div>\n<div id=\"tidio-chat\"><\/div>","protected":false},"excerpt":{"rendered":"<p>Tama\u00f1o de la m\u00e1quina: 620*775*1550mm Stack de peso: 80KG Peso de la m\u00e1quina: 150KG Tubo principal 1: rectangular 50*100*2.5mm Tubo principal 2: rectangular 50*75*2.5mm<\/p>","protected":false},"featured_media":2495,"template":"","meta":[],"product_brand":[],"product_cat":[42],"product_tag":[],"class_list":{"0":"post-1686","1":"product","2":"type-product","3":"status-publish","4":"has-post-thumbnail","6":"product_cat-fuerza","8":"first","9":"instock","10":"taxable","11":"shipping-taxable","12":"purchasable","13":"product-type-simple"},"_links":{"self":[{"href":"https:\/\/fitcr.com\/en\/wp-json\/wp\/v2\/product\/1686","targetHints":{"allow":["GET"]}}],"collection":[{"href":"https:\/\/fitcr.com\/en\/wp-json\/wp\/v2\/product"}],"about":[{"href":"https:\/\/fitcr.com\/en\/wp-json\/wp\/v2\/types\/product"}],"wp:featuredmedia":[{"embeddable":true,"href":"https:\/\/fitcr.com\/en\/wp-json\/wp\/v2\/media\/2495"}],"wp:attachment":[{"href":"https:\/\/fitcr.com\/en\/wp-json\/wp\/v2\/media?parent=1686"}],"wp:term":[{"taxonomy":"product_brand","embeddable":true,"href":"https:\/\/fitcr.com\/en\/wp-json\/wp\/v2\/product_brand?post=1686"},{"taxonomy":"product_cat","embeddable":true,"href":"https:\/\/fitcr.com\/en\/wp-json\/wp\/v2\/product_cat?post=1686"},{"taxonomy":"product_tag","embeddable":true,"href":"https:\/\/fitcr.com\/en\/wp-json\/wp\/v2\/product_tag?post=1686"}],"curies":[{"name":"wp","href":"https:\/\/api.w.org\/{rel}","templated":true}]}}