{"id":1700,"date":"2023-01-21T11:02:59","date_gmt":"2023-01-21T17:02:59","guid":{"rendered":"https:\/\/fitcr.com\/?post_type=product&#038;p=1700"},"modified":"2024-09-12T13:37:10","modified_gmt":"2024-09-12T19:37:10","slug":"g-5088-abdominal-oblique-crunch","status":"publish","type":"product","link":"https:\/\/fitcr.com\/en\/product\/g-5088-abdominal-oblique-crunch\/","title":{"rendered":"GC-5088R ABDOMINAL OBLIQUE CRUNCH"},"content":{"rendered":"<ul>\n<li>Machine size: 1290*1280*1545mm<\/li>\n<li>Packing size: 1290*1260*670mm<\/li>\n<li>Stack de peso: 112KG<\/li>\n<li>W: 142KG<\/li>\n<li>Main tube 1: rectangular 50*100*2.5mm<\/li>\n<li>Main tube 2: rectangular 50*75*2.5mm<\/li>\n<\/ul>","protected":false},"excerpt":{"rendered":"<p>Tama\u00f1o de la m\u00e1quina:1290*1280*1545mm Tama\u00f1o del embalaje:1290*1260*670mm Stack de peso: 112KG G.W.: 142KG Tubo principal 1: rectangular 50*100*2.5mm Tubo principal 2: rectangular 50*75*2.5mm<\/p>","protected":false},"featured_media":1701,"template":"","meta":[],"product_brand":[],"product_cat":[42],"product_tag":[],"class_list":{"0":"post-1700","1":"product","2":"type-product","3":"status-publish","4":"has-post-thumbnail","6":"product_cat-fuerza","8":"first","9":"instock","10":"taxable","11":"shipping-taxable","12":"purchasable","13":"product-type-simple"},"_links":{"self":[{"href":"https:\/\/fitcr.com\/en\/wp-json\/wp\/v2\/product\/1700","targetHints":{"allow":["GET"]}}],"collection":[{"href":"https:\/\/fitcr.com\/en\/wp-json\/wp\/v2\/product"}],"about":[{"href":"https:\/\/fitcr.com\/en\/wp-json\/wp\/v2\/types\/product"}],"wp:featuredmedia":[{"embeddable":true,"href":"https:\/\/fitcr.com\/en\/wp-json\/wp\/v2\/media\/1701"}],"wp:attachment":[{"href":"https:\/\/fitcr.com\/en\/wp-json\/wp\/v2\/media?parent=1700"}],"wp:term":[{"taxonomy":"product_brand","embeddable":true,"href":"https:\/\/fitcr.com\/en\/wp-json\/wp\/v2\/product_brand?post=1700"},{"taxonomy":"product_cat","embeddable":true,"href":"https:\/\/fitcr.com\/en\/wp-json\/wp\/v2\/product_cat?post=1700"},{"taxonomy":"product_tag","embeddable":true,"href":"https:\/\/fitcr.com\/en\/wp-json\/wp\/v2\/product_tag?post=1700"}],"curies":[{"name":"wp","href":"https:\/\/api.w.org\/{rel}","templated":true}]}}