{"id":1703,"date":"2023-01-21T11:05:03","date_gmt":"2023-01-21T17:05:03","guid":{"rendered":"https:\/\/fitcr.com\/?post_type=product&#038;p=1703"},"modified":"2024-09-12T13:36:36","modified_gmt":"2024-09-12T19:36:36","slug":"g-5089-power-squat","status":"publish","type":"product","link":"https:\/\/fitcr.com\/en\/product\/g-5089-power-squat\/","title":{"rendered":"GC-5089R POWER SQUAT"},"content":{"rendered":"<ul>\n<li>Machine size: 1990*1620*1575mm<\/li>\n<li>Packing size: 1450*1100*700mm<\/li>\n<li>Weight stack: 162KG<\/li>\n<li>GW: 192KG<\/li>\n<li>Main tube 1: rectangular 50*100*2.5mm<\/li>\n<li>Main tube 2: rectangular 50*75*2.5mm<\/li>\n<\/ul>","protected":false},"excerpt":{"rendered":"<p>Tama\u00f1o de la m\u00e1quina:1990*1620*1575mm Tama\u00f1o del embalaje:1450*1100*700mm Stack de peso: 162KG G.W.: 192KG Tubo principal 1: rectangular 50*100*2.5mm Tubo principal 2: rectangular 50*75*2.5mm<\/p>","protected":false},"featured_media":1704,"template":"","meta":[],"product_brand":[],"product_cat":[42],"product_tag":[],"class_list":{"0":"post-1703","1":"product","2":"type-product","3":"status-publish","4":"has-post-thumbnail","6":"product_cat-fuerza","8":"first","9":"instock","10":"taxable","11":"shipping-taxable","12":"purchasable","13":"product-type-simple"},"_links":{"self":[{"href":"https:\/\/fitcr.com\/en\/wp-json\/wp\/v2\/product\/1703","targetHints":{"allow":["GET"]}}],"collection":[{"href":"https:\/\/fitcr.com\/en\/wp-json\/wp\/v2\/product"}],"about":[{"href":"https:\/\/fitcr.com\/en\/wp-json\/wp\/v2\/types\/product"}],"wp:featuredmedia":[{"embeddable":true,"href":"https:\/\/fitcr.com\/en\/wp-json\/wp\/v2\/media\/1704"}],"wp:attachment":[{"href":"https:\/\/fitcr.com\/en\/wp-json\/wp\/v2\/media?parent=1703"}],"wp:term":[{"taxonomy":"product_brand","embeddable":true,"href":"https:\/\/fitcr.com\/en\/wp-json\/wp\/v2\/product_brand?post=1703"},{"taxonomy":"product_cat","embeddable":true,"href":"https:\/\/fitcr.com\/en\/wp-json\/wp\/v2\/product_cat?post=1703"},{"taxonomy":"product_tag","embeddable":true,"href":"https:\/\/fitcr.com\/en\/wp-json\/wp\/v2\/product_tag?post=1703"}],"curies":[{"name":"wp","href":"https:\/\/api.w.org\/{rel}","templated":true}]}}