{"id":1709,"date":"2023-01-21T11:12:11","date_gmt":"2023-01-21T17:12:11","guid":{"rendered":"https:\/\/fitcr.com\/?post_type=product&#038;p=1709"},"modified":"2026-03-16T13:45:59","modified_gmt":"2026-03-16T19:45:59","slug":"gc-5091r-adjustable-fid-bench-press","status":"publish","type":"product","link":"https:\/\/fitcr.com\/en\/product\/gc-5091r-adjustable-fid-bench-press\/","title":{"rendered":"GC-5091R ADJUSTABLE FID BENCH PRESS"},"content":{"rendered":"<ul>\n<li>Dimensions: 2410*1880*1420mm.<\/li>\n<li>The simple and intuitive training guide diagram shows how to train correctly and which muscle groups are involved.<\/li>\n<li>The red icon rotates the axis position to guide the user to train in a neutral position.<\/li>\n<li>50*100*2.5mm rectangular main tube, 50*75*2.5mm secondary tube and 50*50*2.5mm rectangular tube, etc\u2026<\/li>\n<li>Each frame adopts electrostatic spraying, three coatings and two baking processes.<\/li>\n<li>The product design is easy to assemble and disassemble, the packaging size is small, and the transportation is more economical and saves space.<\/li>\n<\/ul>\n<p>&nbsp;<\/p>\n<hr \/>\n<p>&nbsp;<\/p>\n<div style=\"width: 800px;\" class=\"wp-video\"><video class=\"wp-video-shortcode\" id=\"video-1709-1\" width=\"800\" height=\"453\" preload=\"metadata\" controls=\"controls\"><source type=\"video\/mp4\" src=\"https:\/\/fitcr.com\/wp-content\/uploads\/2022\/10\/GC-5023R-Weight-Bench-Press.mp4?_=1\" \/><a href=\"https:\/\/fitcr.com\/wp-content\/uploads\/2022\/10\/GC-5023R-Weight-Bench-Press.mp4\">https:\/\/fitcr.com\/wp-content\/uploads\/2022\/10\/GC-5023R-Weight-Bench-Press.mp4<\/a><\/video><\/div>","protected":false},"excerpt":{"rendered":"<p>Dimensiones: \u00a02410*1880*1420mm. El sencillo e intuitivo diagrama de la gu\u00eda de entrenamiento muestra c\u00f3mo entrenar correctamente y qu\u00e9 grupos musculares est\u00e1n implicados. El icono rojo gira la posici\u00f3n del eje para guiar al usuario a entrenar en una posici\u00f3n neutral. Tubo principal de 50*100*2.5mm rectangular, tubo secundario de 50*75*2.5mm y tubo rectangular de 50*50*2.5mm, etc&#8230; [&hellip;]<\/p>\n","protected":false},"featured_media":2491,"template":"","meta":[],"product_brand":[],"product_cat":[42],"product_tag":[],"class_list":{"0":"post-1709","1":"product","2":"type-product","3":"status-publish","4":"has-post-thumbnail","6":"product_cat-fuerza","8":"first","9":"instock","10":"sale","11":"taxable","12":"shipping-taxable","13":"purchasable","14":"product-type-simple"},"_links":{"self":[{"href":"https:\/\/fitcr.com\/en\/wp-json\/wp\/v2\/product\/1709","targetHints":{"allow":["GET"]}}],"collection":[{"href":"https:\/\/fitcr.com\/en\/wp-json\/wp\/v2\/product"}],"about":[{"href":"https:\/\/fitcr.com\/en\/wp-json\/wp\/v2\/types\/product"}],"wp:featuredmedia":[{"embeddable":true,"href":"https:\/\/fitcr.com\/en\/wp-json\/wp\/v2\/media\/2491"}],"wp:attachment":[{"href":"https:\/\/fitcr.com\/en\/wp-json\/wp\/v2\/media?parent=1709"}],"wp:term":[{"taxonomy":"product_brand","embeddable":true,"href":"https:\/\/fitcr.com\/en\/wp-json\/wp\/v2\/product_brand?post=1709"},{"taxonomy":"product_cat","embeddable":true,"href":"https:\/\/fitcr.com\/en\/wp-json\/wp\/v2\/product_cat?post=1709"},{"taxonomy":"product_tag","embeddable":true,"href":"https:\/\/fitcr.com\/en\/wp-json\/wp\/v2\/product_tag?post=1709"}],"curies":[{"name":"wp","href":"https:\/\/api.w.org\/{rel}","templated":true}]}}