{"id":1712,"date":"2023-01-21T11:15:53","date_gmt":"2023-01-21T17:15:53","guid":{"rendered":"https:\/\/fitcr.com\/?post_type=product&#038;p=1712"},"modified":"2024-09-12T13:34:46","modified_gmt":"2024-09-12T19:34:46","slug":"gc-5093r-lat-pulldown","status":"publish","type":"product","link":"https:\/\/fitcr.com\/en\/product\/gc-5093r-lat-pulldown\/","title":{"rendered":"GC-5093R LAT PULLDOWN"},"content":{"rendered":"<ul>\n<li>Machine size: 1560*1030*2020mm<\/li>\n<li>Machine weight: 146KG<\/li>\n<li>Main tube 1: rectangular 50*100*2.5mm<\/li>\n<li>Main tube 2: 50*75*2.5mm rectangular<\/li>\n<\/ul>","protected":false},"excerpt":{"rendered":"<p>Tama\u00f1o de la m\u00e1quina: 1560*1030*2020mm Peso de la m\u00e1quina: 146KG Tubo principal 1: rectangular 50*100*2.5mm Tubo principal 2: 50*75*2.5mm rectangular<\/p>","protected":false},"featured_media":2493,"template":"","meta":[],"product_brand":[],"product_cat":[42],"product_tag":[],"class_list":{"0":"post-1712","1":"product","2":"type-product","3":"status-publish","4":"has-post-thumbnail","6":"product_cat-fuerza","8":"first","9":"instock","10":"taxable","11":"shipping-taxable","12":"purchasable","13":"product-type-simple"},"_links":{"self":[{"href":"https:\/\/fitcr.com\/en\/wp-json\/wp\/v2\/product\/1712","targetHints":{"allow":["GET"]}}],"collection":[{"href":"https:\/\/fitcr.com\/en\/wp-json\/wp\/v2\/product"}],"about":[{"href":"https:\/\/fitcr.com\/en\/wp-json\/wp\/v2\/types\/product"}],"wp:featuredmedia":[{"embeddable":true,"href":"https:\/\/fitcr.com\/en\/wp-json\/wp\/v2\/media\/2493"}],"wp:attachment":[{"href":"https:\/\/fitcr.com\/en\/wp-json\/wp\/v2\/media?parent=1712"}],"wp:term":[{"taxonomy":"product_brand","embeddable":true,"href":"https:\/\/fitcr.com\/en\/wp-json\/wp\/v2\/product_brand?post=1712"},{"taxonomy":"product_cat","embeddable":true,"href":"https:\/\/fitcr.com\/en\/wp-json\/wp\/v2\/product_cat?post=1712"},{"taxonomy":"product_tag","embeddable":true,"href":"https:\/\/fitcr.com\/en\/wp-json\/wp\/v2\/product_tag?post=1712"}],"curies":[{"name":"wp","href":"https:\/\/api.w.org\/{rel}","templated":true}]}}