{"id":1714,"date":"2023-01-21T11:18:18","date_gmt":"2023-01-21T17:18:18","guid":{"rendered":"https:\/\/fitcr.com\/?post_type=product&#038;p=1714"},"modified":"2025-03-31T15:37:04","modified_gmt":"2025-03-31T21:37:04","slug":"gc-5094r-adjustable-t-bar","status":"publish","type":"product","link":"https:\/\/fitcr.com\/en\/product\/gc-5094r-adjustable-t-bar\/","title":{"rendered":"GC-5094R ADJUSTABLE T-BAR"},"content":{"rendered":"<ul>\n<li>Machine size: 2100*910*1330mm<\/li>\n<li>Machine weight: 95KG<\/li>\n<li>Main tube 1: Rectangular 50*100*2.5mm<\/li>\n<li>Main tube 2: rectangular 50*75*2.5mm<\/li>\n<\/ul>","protected":false},"excerpt":{"rendered":"<p>Tama\u00f1o de la m\u00e1quina: 2100*910*1330mm Peso de la m\u00e1quina: 95KG Tubo principal 1: Rectangular 50*100*2.5mm Tubo principal 2: rectangular 50*75*2.5mm<\/p>","protected":false},"featured_media":2494,"template":"","meta":[],"product_brand":[],"product_cat":[42],"product_tag":[],"class_list":{"0":"post-1714","1":"product","2":"type-product","3":"status-publish","4":"has-post-thumbnail","6":"product_cat-fuerza","8":"first","9":"instock","10":"taxable","11":"shipping-taxable","12":"purchasable","13":"product-type-simple"},"_links":{"self":[{"href":"https:\/\/fitcr.com\/en\/wp-json\/wp\/v2\/product\/1714","targetHints":{"allow":["GET"]}}],"collection":[{"href":"https:\/\/fitcr.com\/en\/wp-json\/wp\/v2\/product"}],"about":[{"href":"https:\/\/fitcr.com\/en\/wp-json\/wp\/v2\/types\/product"}],"wp:featuredmedia":[{"embeddable":true,"href":"https:\/\/fitcr.com\/en\/wp-json\/wp\/v2\/media\/2494"}],"wp:attachment":[{"href":"https:\/\/fitcr.com\/en\/wp-json\/wp\/v2\/media?parent=1714"}],"wp:term":[{"taxonomy":"product_brand","embeddable":true,"href":"https:\/\/fitcr.com\/en\/wp-json\/wp\/v2\/product_brand?post=1714"},{"taxonomy":"product_cat","embeddable":true,"href":"https:\/\/fitcr.com\/en\/wp-json\/wp\/v2\/product_cat?post=1714"},{"taxonomy":"product_tag","embeddable":true,"href":"https:\/\/fitcr.com\/en\/wp-json\/wp\/v2\/product_tag?post=1714"}],"curies":[{"name":"wp","href":"https:\/\/api.w.org\/{rel}","templated":true}]}}