{"id":1730,"date":"2023-01-21T11:40:25","date_gmt":"2023-01-21T17:40:25","guid":{"rendered":"https:\/\/fitcr.com\/?post_type=product&#038;p=1730"},"modified":"2026-03-18T12:43:29","modified_gmt":"2026-03-18T18:43:29","slug":"gc-5045r-dumbbell-rack-15-pairs","status":"publish","type":"product","link":"https:\/\/fitcr.com\/en\/product\/gc-5045r-dumbbell-rack-15-pairs\/","title":{"rendered":"GC-5045R DUMBBELL RACK (15 pairs)"},"content":{"rendered":"<ul>\n<li>Machine size: 2500*645*1005mm<\/li>\n<li>Packing size: 2390*690*200mm<\/li>\n<li>Weight stack: 102KG<\/li>\n<li>W: 105KG<\/li>\n<li>Main tube 1: rectangular 50*100*2.5mm<\/li>\n<li>Main tube 2: rectangular 50*75*2.5mm<\/li>\n<\/ul>\n<p>&nbsp;<\/p>","protected":false},"excerpt":{"rendered":"<p>Tama\u00f1o de la m\u00e1quina: 2500*645*1005mm Tama\u00f1o del embalaje: 2390*690*200mm Stack de peso: 102KG G.W.: 105KG Tubo principal 1: rectangular 50*100*2.5mm Tubo principal 2: rectangular 50*75*2.5mm &nbsp;<\/p>","protected":false},"featured_media":2469,"template":"","meta":[],"product_brand":[],"product_cat":[25],"product_tag":[],"class_list":{"0":"post-1730","1":"product","2":"type-product","3":"status-publish","4":"has-post-thumbnail","6":"product_cat-racks","8":"first","9":"instock","10":"taxable","11":"shipping-taxable","12":"purchasable","13":"product-type-simple"},"_links":{"self":[{"href":"https:\/\/fitcr.com\/en\/wp-json\/wp\/v2\/product\/1730","targetHints":{"allow":["GET"]}}],"collection":[{"href":"https:\/\/fitcr.com\/en\/wp-json\/wp\/v2\/product"}],"about":[{"href":"https:\/\/fitcr.com\/en\/wp-json\/wp\/v2\/types\/product"}],"wp:featuredmedia":[{"embeddable":true,"href":"https:\/\/fitcr.com\/en\/wp-json\/wp\/v2\/media\/2469"}],"wp:attachment":[{"href":"https:\/\/fitcr.com\/en\/wp-json\/wp\/v2\/media?parent=1730"}],"wp:term":[{"taxonomy":"product_brand","embeddable":true,"href":"https:\/\/fitcr.com\/en\/wp-json\/wp\/v2\/product_brand?post=1730"},{"taxonomy":"product_cat","embeddable":true,"href":"https:\/\/fitcr.com\/en\/wp-json\/wp\/v2\/product_cat?post=1730"},{"taxonomy":"product_tag","embeddable":true,"href":"https:\/\/fitcr.com\/en\/wp-json\/wp\/v2\/product_tag?post=1730"}],"curies":[{"name":"wp","href":"https:\/\/api.w.org\/{rel}","templated":true}]}}