{"id":1734,"date":"2023-01-21T11:51:34","date_gmt":"2023-01-21T17:51:34","guid":{"rendered":"https:\/\/fitcr.com\/?post_type=product&#038;p=1734"},"modified":"2024-09-16T08:08:02","modified_gmt":"2024-09-16T14:08:02","slug":"gc-5099r-8-multi-station","status":"publish","type":"product","link":"https:\/\/fitcr.com\/en\/product\/gc-5099r-8-multi-station\/","title":{"rendered":"MS8000 8 MULTI-STATION"},"content":{"rendered":"<ul>\n<li>Low Row: 100kg<\/li>\n<li>Lat Pulldown: 100kg<\/li>\n<li>Crossed: 160kg<\/li>\n<li>Triceps:80kg<\/li>\n<li>Size:5110*3450*2260<\/li>\n<li>Weight: 1304kg<\/li>\n<\/ul>\n<p>&nbsp;<\/p>\n<hr \/>\n<p>&nbsp;<\/p>\n<ul>\n<li>The multi-station 8-Stack that combines a cable crossover, two long pulldowns, triceps pushdown, dip\/chin assist, pulldown, adjustable hi\/lo.<\/li>\n<li>This unit is built to meet the high demands of your facility, allowing you to accommodate more users.<\/li>\n<\/ul>","protected":false},"excerpt":{"rendered":"<p>Remo bajo: 100kg Lat Pulldown: 100kg Cruzado: 160kg Tr\u00edceps:80kg Tama\u00f1o:5110*3450*2260 Peso: 1304kg &nbsp; &nbsp; El 8-Stack multi-estacion que combina un cable cruzado, dos tirones largos, triceps push down, dip\/chin assist, pull down, ajustable hi\/lo. Esta unidad est\u00e1 construida para satisfacer las altas demandas de su instalaci\u00f3n, lo que le permite acomodar a m\u00e1s usuarios.<\/p>","protected":false},"featured_media":1735,"template":"","meta":[],"product_brand":[],"product_cat":[45],"product_tag":[],"class_list":{"0":"post-1734","1":"product","2":"type-product","3":"status-publish","4":"has-post-thumbnail","6":"product_cat-group-trainer","8":"first","9":"instock","10":"sale","11":"taxable","12":"shipping-taxable","13":"purchasable","14":"product-type-simple"},"_links":{"self":[{"href":"https:\/\/fitcr.com\/en\/wp-json\/wp\/v2\/product\/1734","targetHints":{"allow":["GET"]}}],"collection":[{"href":"https:\/\/fitcr.com\/en\/wp-json\/wp\/v2\/product"}],"about":[{"href":"https:\/\/fitcr.com\/en\/wp-json\/wp\/v2\/types\/product"}],"wp:featuredmedia":[{"embeddable":true,"href":"https:\/\/fitcr.com\/en\/wp-json\/wp\/v2\/media\/1735"}],"wp:attachment":[{"href":"https:\/\/fitcr.com\/en\/wp-json\/wp\/v2\/media?parent=1734"}],"wp:term":[{"taxonomy":"product_brand","embeddable":true,"href":"https:\/\/fitcr.com\/en\/wp-json\/wp\/v2\/product_brand?post=1734"},{"taxonomy":"product_cat","embeddable":true,"href":"https:\/\/fitcr.com\/en\/wp-json\/wp\/v2\/product_cat?post=1734"},{"taxonomy":"product_tag","embeddable":true,"href":"https:\/\/fitcr.com\/en\/wp-json\/wp\/v2\/product_tag?post=1734"}],"curies":[{"name":"wp","href":"https:\/\/api.w.org\/{rel}","templated":true}]}}