{"id":1736,"date":"2023-01-21T12:01:50","date_gmt":"2023-01-21T18:01:50","guid":{"rendered":"https:\/\/fitcr.com\/?post_type=product&#038;p=1736"},"modified":"2025-07-29T10:48:46","modified_gmt":"2025-07-29T16:48:46","slug":"gtz-6045r-dumbbell-rack","status":"publish","type":"product","link":"https:\/\/fitcr.com\/en\/product\/gtz-6045r-dumbbell-rack\/","title":{"rendered":"GTZ-6045R DUMBBELL RACK"},"content":{"rendered":"<ul>\n<li>Machine size (L*W*H)mm: 2440*510*880 mm<\/li>\n<li>60*120*3mm oval steel tube<\/li>\n<li>Machine weight: 58 kg<\/li>\n<\/ul>\n<p>&nbsp;<\/p>\n<hr \/>\n<p>&nbsp;<\/p>\n<ul>\n<li>The steel frame guarantees maximum structural integrity;<\/li>\n<li>Standard rubber feet protect the frame base and prevent the machine from slipping; Each frame receives an electrostatic powder coat finish to ensure maximum adhesion and durability.<\/li>\n<\/ul>","protected":false},"excerpt":{"rendered":"<p>Tama\u00f1o de la m\u00e1quina (L*W*H)mm: 2440*510*880 mm Tubo 60*120*3 mm de acero ovalado Peso de la m\u00e1quina: 58 kg &nbsp; &nbsp; El bastidor de acero garantiza la m\u00e1xima integridad estructural; Los pies de goma est\u00e1ndar protegen la base del bastidor y evitan que la m\u00e1quina resbale; Cada bastidor recibe un acabado de pintura en polvo [&hellip;]<\/p>\n","protected":false},"featured_media":3364,"template":"","meta":[],"product_brand":[],"product_cat":[25],"product_tag":[],"class_list":{"0":"post-1736","1":"product","2":"type-product","3":"status-publish","4":"has-post-thumbnail","6":"product_cat-racks","8":"first","9":"instock","10":"taxable","11":"shipping-taxable","12":"purchasable","13":"product-type-simple"},"_links":{"self":[{"href":"https:\/\/fitcr.com\/en\/wp-json\/wp\/v2\/product\/1736","targetHints":{"allow":["GET"]}}],"collection":[{"href":"https:\/\/fitcr.com\/en\/wp-json\/wp\/v2\/product"}],"about":[{"href":"https:\/\/fitcr.com\/en\/wp-json\/wp\/v2\/types\/product"}],"wp:featuredmedia":[{"embeddable":true,"href":"https:\/\/fitcr.com\/en\/wp-json\/wp\/v2\/media\/3364"}],"wp:attachment":[{"href":"https:\/\/fitcr.com\/en\/wp-json\/wp\/v2\/media?parent=1736"}],"wp:term":[{"taxonomy":"product_brand","embeddable":true,"href":"https:\/\/fitcr.com\/en\/wp-json\/wp\/v2\/product_brand?post=1736"},{"taxonomy":"product_cat","embeddable":true,"href":"https:\/\/fitcr.com\/en\/wp-json\/wp\/v2\/product_cat?post=1736"},{"taxonomy":"product_tag","embeddable":true,"href":"https:\/\/fitcr.com\/en\/wp-json\/wp\/v2\/product_tag?post=1736"}],"curies":[{"name":"wp","href":"https:\/\/api.w.org\/{rel}","templated":true}]}}