{"id":1742,"date":"2023-01-21T12:22:53","date_gmt":"2023-01-21T18:22:53","guid":{"rendered":"https:\/\/fitcr.com\/?post_type=product&#038;p=1742"},"modified":"2024-09-12T14:54:45","modified_gmt":"2024-09-12T20:54:45","slug":"gtz-6028r-plate-tree","status":"publish","type":"product","link":"https:\/\/fitcr.com\/en\/product\/gtz-6028r-plate-tree\/","title":{"rendered":"GTZ-6028R PLATE TREE"},"content":{"rendered":"<p>Machine size (L*W*H)mm: 860*860*980<\/p>\n<p>60*120*3mm oval steel tube<\/p>\n<p>Machine weight:26kg<\/p>\n<p>&nbsp;<\/p>\n<hr \/>\n<p>&nbsp;<\/p>\n<ul>\n<li>Plate tree is an elegant design, we can put the plate on it.<\/li>\n<\/ul>","protected":false},"excerpt":{"rendered":"<p>Tama\u00f1o de la m\u00e1quina (L*W*H)mm: 860*860*980 Tubo 60*120*3 mm de acero ovalado Peso de la m\u00e1quina:26kg &nbsp; &nbsp; \u00c1rbol de la placa es un dise\u00f1o elegante, podemos poner la placa en \u00e9l.<\/p>","protected":false},"featured_media":1743,"template":"","meta":[],"product_brand":[],"product_cat":[25],"product_tag":[],"class_list":{"0":"post-1742","1":"product","2":"type-product","3":"status-publish","4":"has-post-thumbnail","6":"product_cat-racks","8":"first","9":"instock","10":"taxable","11":"shipping-taxable","12":"purchasable","13":"product-type-simple"},"_links":{"self":[{"href":"https:\/\/fitcr.com\/en\/wp-json\/wp\/v2\/product\/1742","targetHints":{"allow":["GET"]}}],"collection":[{"href":"https:\/\/fitcr.com\/en\/wp-json\/wp\/v2\/product"}],"about":[{"href":"https:\/\/fitcr.com\/en\/wp-json\/wp\/v2\/types\/product"}],"wp:featuredmedia":[{"embeddable":true,"href":"https:\/\/fitcr.com\/en\/wp-json\/wp\/v2\/media\/1743"}],"wp:attachment":[{"href":"https:\/\/fitcr.com\/en\/wp-json\/wp\/v2\/media?parent=1742"}],"wp:term":[{"taxonomy":"product_brand","embeddable":true,"href":"https:\/\/fitcr.com\/en\/wp-json\/wp\/v2\/product_brand?post=1742"},{"taxonomy":"product_cat","embeddable":true,"href":"https:\/\/fitcr.com\/en\/wp-json\/wp\/v2\/product_cat?post=1742"},{"taxonomy":"product_tag","embeddable":true,"href":"https:\/\/fitcr.com\/en\/wp-json\/wp\/v2\/product_tag?post=1742"}],"curies":[{"name":"wp","href":"https:\/\/api.w.org\/{rel}","templated":true}]}}