{"id":1752,"date":"2023-01-21T12:38:12","date_gmt":"2023-01-21T18:38:12","guid":{"rendered":"https:\/\/fitcr.com\/?post_type=product&#038;p=1752"},"modified":"2024-09-11T08:30:37","modified_gmt":"2024-09-11T14:30:37","slug":"gtz-6045br-dumbbell-rack-15-pairs","status":"publish","type":"product","link":"https:\/\/fitcr.com\/en\/product\/gtz-6045br-dumbbell-rack-15-pairs\/","title":{"rendered":"GTZ-6045BR DUMBBELL RACK (15 pairs)"},"content":{"rendered":"<p>Machine size (L*W*H)mm: 2160*845*1165mm<\/p>\n<p>60*120*3mm oval steel tube<\/p>\n<p>Machine weight: 105kg<\/p>\n<p>&nbsp;<\/p>\n<hr \/>\n<p>&nbsp;<\/p>\n<ul>\n<li>15 pairs of dumbbells can be the maximum capacity.<\/li>\n<li>3 tiers design saves you a lot of space<\/li>\n<li>The steel frame ensures maximum structural integrity.<\/li>\n<li>Standard rubber feet protect the base of the frame and prevent the machine from slipping; Each frame is given an electrostatic powder coat finish to ensure maximum adhesion and durability.<\/li>\n<\/ul>","protected":false},"excerpt":{"rendered":"<p>Tama\u00f1o de la m\u00e1quina (L*W*H)mm: 2160*845*1165 mm Tubo 60*120*3 mm de acero ovalado Peso de la m\u00e1quina: 105kg &nbsp; &nbsp; 15 pares de mancuernas puede ser la capacidad m\u00e1xima. 3 niveles de dise\u00f1o le ahorra mucho espacio El marco de acero asegura la m\u00e1xima integridad estructural. Los pies de goma est\u00e1ndar protegen la base del [&hellip;]<\/p>\n","protected":false},"featured_media":1753,"template":"","meta":[],"product_brand":[],"product_cat":[25],"product_tag":[],"class_list":{"0":"post-1752","1":"product","2":"type-product","3":"status-publish","4":"has-post-thumbnail","6":"product_cat-racks","8":"first","9":"instock","10":"taxable","11":"shipping-taxable","12":"purchasable","13":"product-type-simple"},"_links":{"self":[{"href":"https:\/\/fitcr.com\/en\/wp-json\/wp\/v2\/product\/1752","targetHints":{"allow":["GET"]}}],"collection":[{"href":"https:\/\/fitcr.com\/en\/wp-json\/wp\/v2\/product"}],"about":[{"href":"https:\/\/fitcr.com\/en\/wp-json\/wp\/v2\/types\/product"}],"wp:featuredmedia":[{"embeddable":true,"href":"https:\/\/fitcr.com\/en\/wp-json\/wp\/v2\/media\/1753"}],"wp:attachment":[{"href":"https:\/\/fitcr.com\/en\/wp-json\/wp\/v2\/media?parent=1752"}],"wp:term":[{"taxonomy":"product_brand","embeddable":true,"href":"https:\/\/fitcr.com\/en\/wp-json\/wp\/v2\/product_brand?post=1752"},{"taxonomy":"product_cat","embeddable":true,"href":"https:\/\/fitcr.com\/en\/wp-json\/wp\/v2\/product_cat?post=1752"},{"taxonomy":"product_tag","embeddable":true,"href":"https:\/\/fitcr.com\/en\/wp-json\/wp\/v2\/product_tag?post=1752"}],"curies":[{"name":"wp","href":"https:\/\/api.w.org\/{rel}","templated":true}]}}