{"id":1755,"date":"2023-01-21T12:42:20","date_gmt":"2023-01-21T18:42:20","guid":{"rendered":"https:\/\/fitcr.com\/?post_type=product&#038;p=1755"},"modified":"2024-09-12T14:56:44","modified_gmt":"2024-09-12T20:56:44","slug":"gtz-5015r-barbell-rack","status":"publish","type":"product","link":"https:\/\/fitcr.com\/en\/product\/gtz-5015r-barbell-rack\/","title":{"rendered":"GTZ-5015R BARBELL RACK"},"content":{"rendered":"<ul>\n<li>Machine size (L*W*H)mm: 1155*940*1292<\/li>\n<li>100.8*48mm rectangular steel tube<\/li>\n<li>Machine weight: 111kg<\/li>\n<\/ul>\n<p>&nbsp;<\/p>\n<hr \/>\n<p>&nbsp;<\/p>\n<ul>\n<li>Two-layer coating, and health powder with lead-free and mercury-free<\/li>\n<li>The Bar Rack features chrome brackets that can store up to 10 standard (fixed) bars, five per side. It also accommodates standard easy-curl bars.<\/li>\n<li>Supplied with a barbell accessory tray designed to accommodate additional handles, bar collars and wraps.<\/li>\n<\/ul>","protected":false},"excerpt":{"rendered":"<p>Tama\u00f1o de la m\u00e1quina (L*W*H)mm: 1155*940*1292 Tubo 100.8*48mm de acero rectangular Peso de la m\u00e1quina: 111kg &nbsp; &nbsp; Revestimiento de dos capas, y el polvo de la salud con libre de plomo y libre de mercurio El soporte para barras cuenta con soportes cromados que pueden almacenar hasta 10 barras est\u00e1ndar (fijas), cinco por lado. [&hellip;]<\/p>\n","protected":false},"featured_media":1756,"template":"","meta":[],"product_brand":[],"product_cat":[25],"product_tag":[],"class_list":{"0":"post-1755","1":"product","2":"type-product","3":"status-publish","4":"has-post-thumbnail","6":"product_cat-racks","8":"first","9":"instock","10":"taxable","11":"shipping-taxable","12":"purchasable","13":"product-type-simple"},"_links":{"self":[{"href":"https:\/\/fitcr.com\/en\/wp-json\/wp\/v2\/product\/1755","targetHints":{"allow":["GET"]}}],"collection":[{"href":"https:\/\/fitcr.com\/en\/wp-json\/wp\/v2\/product"}],"about":[{"href":"https:\/\/fitcr.com\/en\/wp-json\/wp\/v2\/types\/product"}],"wp:featuredmedia":[{"embeddable":true,"href":"https:\/\/fitcr.com\/en\/wp-json\/wp\/v2\/media\/1756"}],"wp:attachment":[{"href":"https:\/\/fitcr.com\/en\/wp-json\/wp\/v2\/media?parent=1755"}],"wp:term":[{"taxonomy":"product_brand","embeddable":true,"href":"https:\/\/fitcr.com\/en\/wp-json\/wp\/v2\/product_brand?post=1755"},{"taxonomy":"product_cat","embeddable":true,"href":"https:\/\/fitcr.com\/en\/wp-json\/wp\/v2\/product_cat?post=1755"},{"taxonomy":"product_tag","embeddable":true,"href":"https:\/\/fitcr.com\/en\/wp-json\/wp\/v2\/product_tag?post=1755"}],"curies":[{"name":"wp","href":"https:\/\/api.w.org\/{rel}","templated":true}]}}