{"id":1759,"date":"2023-01-21T12:47:36","date_gmt":"2023-01-21T18:47:36","guid":{"rendered":"https:\/\/fitcr.com\/?post_type=product&#038;p=1759"},"modified":"2024-09-11T08:28:52","modified_gmt":"2024-09-11T14:28:52","slug":"gtz-5018r-weight-tree","status":"publish","type":"product","link":"https:\/\/fitcr.com\/en\/product\/gtz-5018r-weight-tree\/","title":{"rendered":"GTZ-5018R WEIGHT TREE"},"content":{"rendered":"<p>Machine size (L*W*H)mm: 990*860*960<\/p>\n<p>100.8*48mm rectangular steel tube<\/p>\n<p>Machine weight: 33kg<\/p>\n<p>&nbsp;<\/p>\n<hr \/>\n<p>&nbsp;<\/p>\n<ul>\n<li>Two layers of coating, and health powder with lead-free and mercury-free<\/li>\n<li>The Weight Tree has six electroplated weight horns for plates and collars, with an easy on\/easy off design. The wide base helps prevent tipping and has a storage area in the center.<\/li>\n<\/ul>","protected":false},"excerpt":{"rendered":"<p>Tama\u00f1o de la m\u00e1quina (L*W*H)mm: 990*860*960 Tubo 100.8*48mm de acero rectangular Peso de la m\u00e1quina: 33kg &nbsp; &nbsp; Dos capas de revestimiento, y el polvo de la salud con libre de plomo y libre de mercurio El \u00c1rbol de Pesas tiene seis cuernos de pesas galvanizados para placas y collares, con un dise\u00f1o f\u00e1cil de [&hellip;]<\/p>\n","protected":false},"featured_media":1760,"template":"","meta":[],"product_brand":[],"product_cat":[25],"product_tag":[],"class_list":{"0":"post-1759","1":"product","2":"type-product","3":"status-publish","4":"has-post-thumbnail","6":"product_cat-racks","8":"first","9":"instock","10":"taxable","11":"shipping-taxable","12":"purchasable","13":"product-type-simple"},"_links":{"self":[{"href":"https:\/\/fitcr.com\/en\/wp-json\/wp\/v2\/product\/1759","targetHints":{"allow":["GET"]}}],"collection":[{"href":"https:\/\/fitcr.com\/en\/wp-json\/wp\/v2\/product"}],"about":[{"href":"https:\/\/fitcr.com\/en\/wp-json\/wp\/v2\/types\/product"}],"wp:featuredmedia":[{"embeddable":true,"href":"https:\/\/fitcr.com\/en\/wp-json\/wp\/v2\/media\/1760"}],"wp:attachment":[{"href":"https:\/\/fitcr.com\/en\/wp-json\/wp\/v2\/media?parent=1759"}],"wp:term":[{"taxonomy":"product_brand","embeddable":true,"href":"https:\/\/fitcr.com\/en\/wp-json\/wp\/v2\/product_brand?post=1759"},{"taxonomy":"product_cat","embeddable":true,"href":"https:\/\/fitcr.com\/en\/wp-json\/wp\/v2\/product_cat?post=1759"},{"taxonomy":"product_tag","embeddable":true,"href":"https:\/\/fitcr.com\/en\/wp-json\/wp\/v2\/product_tag?post=1759"}],"curies":[{"name":"wp","href":"https:\/\/api.w.org\/{rel}","templated":true}]}}