{"id":1763,"date":"2023-01-21T12:54:34","date_gmt":"2023-01-21T18:54:34","guid":{"rendered":"https:\/\/fitcr.com\/?post_type=product&#038;p=1763"},"modified":"2024-09-12T14:57:19","modified_gmt":"2024-09-12T20:57:19","slug":"gtz-5040r-deadlift-shrug","status":"publish","type":"product","link":"https:\/\/fitcr.com\/en\/product\/gtz-5040r-deadlift-shrug\/","title":{"rendered":"GTZ-5040R DEADLIFT\/SHRUG"},"content":{"rendered":"<ul>\n<li>Machine size (L*W*H)mm: 1890*1775*800<\/li>\n<li>100*50mm rectangular steel tube<\/li>\n<li>Machine weight: 95.5kg<\/li>\n<\/ul>\n<p>&nbsp;<\/p>\n<hr \/>\n<p>&nbsp;<\/p>\n<ul>\n<li>Two-layer coating, and health powder with lead-free and mercury-free<\/li>\n<li>Belt drive, the belt is imported from Germany.<\/li>\n<li>This dual-purpose machine features adjustable handles, allowing for a variety of starting positions.<\/li>\n<li>Walk-in design allows for easy entry and exit.<\/li>\n<\/ul>","protected":false},"excerpt":{"rendered":"<p>Tama\u00f1o de la m\u00e1quina (L*W*H)mm: 1890*1775*800 Tubo 100*50mm de acero rectangular Peso de la m\u00e1quina: 95.5kg &nbsp; &nbsp; Revestimiento de dos capas, y el polvo de la salud con libre de plomo y libre de mercurio Transmisi\u00f3n por correa, la correa es importada de Alemania. Esta m\u00e1quina de doble prop\u00f3sito cuenta con asas ajustables, lo [&hellip;]<\/p>\n","protected":false},"featured_media":1764,"template":"","meta":[],"product_brand":[],"product_cat":[42],"product_tag":[],"class_list":{"0":"post-1763","1":"product","2":"type-product","3":"status-publish","4":"has-post-thumbnail","6":"product_cat-fuerza","8":"first","9":"instock","10":"taxable","11":"shipping-taxable","12":"purchasable","13":"product-type-simple"},"_links":{"self":[{"href":"https:\/\/fitcr.com\/en\/wp-json\/wp\/v2\/product\/1763","targetHints":{"allow":["GET"]}}],"collection":[{"href":"https:\/\/fitcr.com\/en\/wp-json\/wp\/v2\/product"}],"about":[{"href":"https:\/\/fitcr.com\/en\/wp-json\/wp\/v2\/types\/product"}],"wp:featuredmedia":[{"embeddable":true,"href":"https:\/\/fitcr.com\/en\/wp-json\/wp\/v2\/media\/1764"}],"wp:attachment":[{"href":"https:\/\/fitcr.com\/en\/wp-json\/wp\/v2\/media?parent=1763"}],"wp:term":[{"taxonomy":"product_brand","embeddable":true,"href":"https:\/\/fitcr.com\/en\/wp-json\/wp\/v2\/product_brand?post=1763"},{"taxonomy":"product_cat","embeddable":true,"href":"https:\/\/fitcr.com\/en\/wp-json\/wp\/v2\/product_cat?post=1763"},{"taxonomy":"product_tag","embeddable":true,"href":"https:\/\/fitcr.com\/en\/wp-json\/wp\/v2\/product_tag?post=1763"}],"curies":[{"name":"wp","href":"https:\/\/api.w.org\/{rel}","templated":true}]}}