{"id":1801,"date":"2023-01-21T13:42:54","date_gmt":"2023-01-21T19:42:54","guid":{"rendered":"https:\/\/fitcr.com\/?post_type=product&#038;p=1801"},"modified":"2024-09-12T14:27:08","modified_gmt":"2024-09-12T20:27:08","slug":"gtz-8101r-iso-lateral-bench-press","status":"publish","type":"product","link":"https:\/\/fitcr.com\/en\/product\/gtz-8101r-iso-lateral-bench-press\/","title":{"rendered":"GTZ-8101R ISO-LATERAL BENCH PRESS"},"content":{"rendered":"<ul>\n<li>Machine size (L*W*H)mm: 1305*1905*1830<\/li>\n<li>50*100*3mm,40*80*3mm rectangular steel tube R<\/li>\n<li>Machine weight:160kG<\/li>\n<\/ul>\n<p>&nbsp;<\/p>\n<hr \/>\n<p>&nbsp;<\/p>\n<ul>\n<li>The horizontal handle simulates a more traditional bench press while the vertical handles replicate athletic movements.<\/li>\n<li>Upright position allows for easy entry and exit<\/li>\n<\/ul>","protected":false},"excerpt":{"rendered":"<p>Tama\u00f1o de la m\u00e1quina (L*W*H)mm: 1305*1905*1830 Tubo 50*100*3mm,40*80*3mm \u00a0de acero rectangular R Peso de la m\u00e1quina:160kG &nbsp; &nbsp; La empu\u00f1adura horizontal simula un press de banca m\u00e1s tradicional mientras que las empu\u00f1aduras verticales reproducen los movimientos atl\u00e9ticos. La posici\u00f3n vertical permite una f\u00e1cil entrada y salida<\/p>","protected":false},"featured_media":1802,"template":"","meta":[],"product_brand":[],"product_cat":[42],"product_tag":[],"class_list":{"0":"post-1801","1":"product","2":"type-product","3":"status-publish","4":"has-post-thumbnail","6":"product_cat-fuerza","8":"first","9":"instock","10":"taxable","11":"shipping-taxable","12":"purchasable","13":"product-type-simple"},"_links":{"self":[{"href":"https:\/\/fitcr.com\/en\/wp-json\/wp\/v2\/product\/1801","targetHints":{"allow":["GET"]}}],"collection":[{"href":"https:\/\/fitcr.com\/en\/wp-json\/wp\/v2\/product"}],"about":[{"href":"https:\/\/fitcr.com\/en\/wp-json\/wp\/v2\/types\/product"}],"wp:featuredmedia":[{"embeddable":true,"href":"https:\/\/fitcr.com\/en\/wp-json\/wp\/v2\/media\/1802"}],"wp:attachment":[{"href":"https:\/\/fitcr.com\/en\/wp-json\/wp\/v2\/media?parent=1801"}],"wp:term":[{"taxonomy":"product_brand","embeddable":true,"href":"https:\/\/fitcr.com\/en\/wp-json\/wp\/v2\/product_brand?post=1801"},{"taxonomy":"product_cat","embeddable":true,"href":"https:\/\/fitcr.com\/en\/wp-json\/wp\/v2\/product_cat?post=1801"},{"taxonomy":"product_tag","embeddable":true,"href":"https:\/\/fitcr.com\/en\/wp-json\/wp\/v2\/product_tag?post=1801"}],"curies":[{"name":"wp","href":"https:\/\/api.w.org\/{rel}","templated":true}]}}