{"id":1807,"date":"2023-01-21T13:49:38","date_gmt":"2023-01-21T19:49:38","guid":{"rendered":"https:\/\/fitcr.com\/?post_type=product&#038;p=1807"},"modified":"2024-09-12T14:28:24","modified_gmt":"2024-09-12T20:28:24","slug":"gtz-8104r-iso-lateral-low-row","status":"publish","type":"product","link":"https:\/\/fitcr.com\/en\/product\/gtz-8104r-iso-lateral-low-row\/","title":{"rendered":"GTZ-8104R ISO-LATERAL LOW ROW"},"content":{"rendered":"<ul>\n<li>Tama\u00f1o de la m\u00e1quina(L*W*H)mm: 1255*1420*1655<\/li>\n<li>Tube 50*100*3mm,40*80*3mm Rectangular Steel Pipe R<\/li>\n<li>Peso de la m\u00e1quina:145kg<\/li>\n<\/ul>","protected":false},"excerpt":{"rendered":"<p>Tama\u00f1o de la m\u00e1quina(L*W*H)mm: 1255*1420*1655 Tubo 50*100*3mm,40*80*3mm Tubo de acero rectangular R Peso de la m\u00e1quina:145kg<\/p>","protected":false},"featured_media":1808,"template":"","meta":[],"product_brand":[],"product_cat":[42],"product_tag":[],"class_list":{"0":"post-1807","1":"product","2":"type-product","3":"status-publish","4":"has-post-thumbnail","6":"product_cat-fuerza","8":"first","9":"instock","10":"taxable","11":"shipping-taxable","12":"purchasable","13":"product-type-simple"},"_links":{"self":[{"href":"https:\/\/fitcr.com\/en\/wp-json\/wp\/v2\/product\/1807","targetHints":{"allow":["GET"]}}],"collection":[{"href":"https:\/\/fitcr.com\/en\/wp-json\/wp\/v2\/product"}],"about":[{"href":"https:\/\/fitcr.com\/en\/wp-json\/wp\/v2\/types\/product"}],"wp:featuredmedia":[{"embeddable":true,"href":"https:\/\/fitcr.com\/en\/wp-json\/wp\/v2\/media\/1808"}],"wp:attachment":[{"href":"https:\/\/fitcr.com\/en\/wp-json\/wp\/v2\/media?parent=1807"}],"wp:term":[{"taxonomy":"product_brand","embeddable":true,"href":"https:\/\/fitcr.com\/en\/wp-json\/wp\/v2\/product_brand?post=1807"},{"taxonomy":"product_cat","embeddable":true,"href":"https:\/\/fitcr.com\/en\/wp-json\/wp\/v2\/product_cat?post=1807"},{"taxonomy":"product_tag","embeddable":true,"href":"https:\/\/fitcr.com\/en\/wp-json\/wp\/v2\/product_tag?post=1807"}],"curies":[{"name":"wp","href":"https:\/\/api.w.org\/{rel}","templated":true}]}}