{"id":1814,"date":"2023-01-21T13:55:36","date_gmt":"2023-01-21T19:55:36","guid":{"rendered":"https:\/\/fitcr.com\/?post_type=product&#038;p=1814"},"modified":"2024-09-12T14:29:11","modified_gmt":"2024-09-12T20:29:11","slug":"gtz-8107r-iso-lateral-leg-extension","status":"publish","type":"product","link":"https:\/\/fitcr.com\/en\/product\/gtz-8107r-iso-lateral-leg-extension\/","title":{"rendered":"GTZ-8107R ISO-LATERAL LEG EXTENSION"},"content":{"rendered":"<ul>\n<li>Machine size(L*W*H)mm:1560*1780*1410<\/li>\n<li>Tube 50*100*3mm,40*80*3mm Rectangular Steel Pipe R<\/li>\n<li>Machine weight:140kg<\/li>\n<\/ul>","protected":false},"excerpt":{"rendered":"<p>Tama\u00f1o de la m\u00e1quina (L*W*H)mm: 1560*1780*1410 Tubo 50*100*3mm,40*80*3mm Tubo de acero rectangular R Peso de la m\u00e1quina:140kg<\/p>","protected":false},"featured_media":1815,"template":"","meta":[],"product_brand":[],"product_cat":[42],"product_tag":[],"class_list":{"0":"post-1814","1":"product","2":"type-product","3":"status-publish","4":"has-post-thumbnail","6":"product_cat-fuerza","8":"first","9":"instock","10":"taxable","11":"shipping-taxable","12":"purchasable","13":"product-type-simple"},"_links":{"self":[{"href":"https:\/\/fitcr.com\/en\/wp-json\/wp\/v2\/product\/1814","targetHints":{"allow":["GET"]}}],"collection":[{"href":"https:\/\/fitcr.com\/en\/wp-json\/wp\/v2\/product"}],"about":[{"href":"https:\/\/fitcr.com\/en\/wp-json\/wp\/v2\/types\/product"}],"wp:featuredmedia":[{"embeddable":true,"href":"https:\/\/fitcr.com\/en\/wp-json\/wp\/v2\/media\/1815"}],"wp:attachment":[{"href":"https:\/\/fitcr.com\/en\/wp-json\/wp\/v2\/media?parent=1814"}],"wp:term":[{"taxonomy":"product_brand","embeddable":true,"href":"https:\/\/fitcr.com\/en\/wp-json\/wp\/v2\/product_brand?post=1814"},{"taxonomy":"product_cat","embeddable":true,"href":"https:\/\/fitcr.com\/en\/wp-json\/wp\/v2\/product_cat?post=1814"},{"taxonomy":"product_tag","embeddable":true,"href":"https:\/\/fitcr.com\/en\/wp-json\/wp\/v2\/product_tag?post=1814"}],"curies":[{"name":"wp","href":"https:\/\/api.w.org\/{rel}","templated":true}]}}