{"id":1816,"date":"2023-01-21T13:58:15","date_gmt":"2023-01-21T19:58:15","guid":{"rendered":"https:\/\/fitcr.com\/?post_type=product&#038;p=1816"},"modified":"2024-09-12T14:29:31","modified_gmt":"2024-09-12T20:29:31","slug":"gtz-8108r-iso-lateral-wide-pulldown","status":"publish","type":"product","link":"https:\/\/fitcr.com\/en\/product\/gtz-8108r-iso-lateral-wide-pulldown\/","title":{"rendered":"GTZ-8108R ISO-LATERAL WIDE PULLDOWN"},"content":{"rendered":"<ul>\n<li>Tama\u00f1o de la m\u00e1quina(L*W*H)mm: 1860*1290*2010<\/li>\n<li>Tube 50*100*3mm,40*80*3mm Rectangular Steel Pipe R<\/li>\n<li>Peso de la m\u00e1quina:151kg<\/li>\n<\/ul>","protected":false},"excerpt":{"rendered":"<p>Tama\u00f1o de la m\u00e1quina(L*W*H)mm: 1860*1290*2010 Tubo 50*100*3mm,40*80*3mm Tubo de acero rectangular R Peso de la m\u00e1quina:151kg<\/p>","protected":false},"featured_media":1817,"template":"","meta":[],"product_brand":[],"product_cat":[42],"product_tag":[],"class_list":{"0":"post-1816","1":"product","2":"type-product","3":"status-publish","4":"has-post-thumbnail","6":"product_cat-fuerza","8":"first","9":"instock","10":"taxable","11":"shipping-taxable","12":"purchasable","13":"product-type-simple"},"_links":{"self":[{"href":"https:\/\/fitcr.com\/en\/wp-json\/wp\/v2\/product\/1816","targetHints":{"allow":["GET"]}}],"collection":[{"href":"https:\/\/fitcr.com\/en\/wp-json\/wp\/v2\/product"}],"about":[{"href":"https:\/\/fitcr.com\/en\/wp-json\/wp\/v2\/types\/product"}],"wp:featuredmedia":[{"embeddable":true,"href":"https:\/\/fitcr.com\/en\/wp-json\/wp\/v2\/media\/1817"}],"wp:attachment":[{"href":"https:\/\/fitcr.com\/en\/wp-json\/wp\/v2\/media?parent=1816"}],"wp:term":[{"taxonomy":"product_brand","embeddable":true,"href":"https:\/\/fitcr.com\/en\/wp-json\/wp\/v2\/product_brand?post=1816"},{"taxonomy":"product_cat","embeddable":true,"href":"https:\/\/fitcr.com\/en\/wp-json\/wp\/v2\/product_cat?post=1816"},{"taxonomy":"product_tag","embeddable":true,"href":"https:\/\/fitcr.com\/en\/wp-json\/wp\/v2\/product_tag?post=1816"}],"curies":[{"name":"wp","href":"https:\/\/api.w.org\/{rel}","templated":true}]}}