{"id":1825,"date":"2023-01-21T14:07:37","date_gmt":"2023-01-21T20:07:37","guid":{"rendered":"https:\/\/fitcr.com\/?post_type=product&#038;p=1825"},"modified":"2024-09-10T16:01:18","modified_gmt":"2024-09-10T22:01:18","slug":"gtz-8112r-iso-lateral-front-lat-pulldown","status":"publish","type":"product","link":"https:\/\/fitcr.com\/en\/product\/gtz-8112r-iso-lateral-front-lat-pulldown\/","title":{"rendered":"GTZ-8112R ISO-LATERAL FRONT LAT PULLDOWN"},"content":{"rendered":"<ul>\n<li>Machine size (length*width*height)mm: 1775*1545*2015<\/li>\n<li>Tube: 50*100*3mm,40*80*3mm rectangular steel tube R<\/li>\n<li>Machine weight:175kg<\/li>\n<\/ul>\n<p>&nbsp;<\/p>\n<hr \/>\n<p>&nbsp;<\/p>\n<ul>\n<li>The underhand grip dictates a natural movement path ideal for training the Latissimus Dorsi.<\/li>\n<li>Additional handle to allow user stabilization during one-arm exercises.<\/li>\n<li>Isolateral movement allows strength to be developed equally<\/li>\n<li>Best Selling Hammer Strength Machine<\/li>\n<\/ul>","protected":false},"excerpt":{"rendered":"<p>Tama\u00f1o de la m\u00e1quina (largo*ancho*alto)mm: 1775*1545*2015 Tubo: 50*100*3mm,40*80*3mm Tubo de acero rectangular R Peso de la m\u00e1quina:175kg &nbsp; &nbsp; El agarre por debajo de la mano dicta una trayectoria natural de movimiento ideal para entrenar el Latissimus Dorsi. Empu\u00f1adura adicional para permitir la estabilizaci\u00f3n del usuario durante los ejercicios con un solo brazo. El movimiento [&hellip;]<\/p>\n","protected":false},"featured_media":1826,"template":"","meta":[],"product_brand":[],"product_cat":[42],"product_tag":[],"class_list":{"0":"post-1825","1":"product","2":"type-product","3":"status-publish","4":"has-post-thumbnail","6":"product_cat-fuerza","8":"first","9":"instock","10":"taxable","11":"shipping-taxable","12":"purchasable","13":"product-type-simple"},"_links":{"self":[{"href":"https:\/\/fitcr.com\/en\/wp-json\/wp\/v2\/product\/1825","targetHints":{"allow":["GET"]}}],"collection":[{"href":"https:\/\/fitcr.com\/en\/wp-json\/wp\/v2\/product"}],"about":[{"href":"https:\/\/fitcr.com\/en\/wp-json\/wp\/v2\/types\/product"}],"wp:featuredmedia":[{"embeddable":true,"href":"https:\/\/fitcr.com\/en\/wp-json\/wp\/v2\/media\/1826"}],"wp:attachment":[{"href":"https:\/\/fitcr.com\/en\/wp-json\/wp\/v2\/media?parent=1825"}],"wp:term":[{"taxonomy":"product_brand","embeddable":true,"href":"https:\/\/fitcr.com\/en\/wp-json\/wp\/v2\/product_brand?post=1825"},{"taxonomy":"product_cat","embeddable":true,"href":"https:\/\/fitcr.com\/en\/wp-json\/wp\/v2\/product_cat?post=1825"},{"taxonomy":"product_tag","embeddable":true,"href":"https:\/\/fitcr.com\/en\/wp-json\/wp\/v2\/product_tag?post=1825"}],"curies":[{"name":"wp","href":"https:\/\/api.w.org\/{rel}","templated":true}]}}