{"id":1828,"date":"2023-01-21T15:28:19","date_gmt":"2023-01-21T21:28:19","guid":{"rendered":"https:\/\/fitcr.com\/?post_type=product&#038;p=1828"},"modified":"2024-09-12T14:25:50","modified_gmt":"2024-09-12T20:25:50","slug":"gtz-8113r-iso-lateral-shoulder-press","status":"publish","type":"product","link":"https:\/\/fitcr.com\/en\/product\/gtz-8113r-iso-lateral-shoulder-press\/","title":{"rendered":"GTZ-8113R ISO-LATERAL SHOULDER PRESS"},"content":{"rendered":"<ul>\n<li>Tama\u00f1o de la m\u00e1quina (L*W*H)mm: 1365*1770*1980<\/li>\n<li>Tube 50*100*3mm,40*80*3mm Rectangular Steel Pipe R<\/li>\n<li>Machine weight:165kg<\/li>\n<\/ul>\n<p>&nbsp;<\/p>\n<hr \/>\n<p>&nbsp;<\/p>\n<ul>\n<li>La almohadilla del respaldo tiene un \u00e1ngulo de 40 grados para una mejor estabilizaci\u00f3n durante los levantamientos pesados y ayuda a desalentar la hiperextensi\u00f3n de la columna vertebral durante el ejercicio.<\/li>\n<li>El cintur\u00f3n del asiento proporciona estabilizaci\u00f3n adicional<\/li>\n<li>Optional counterweight allows weight to be removed from the exercise arm<\/li>\n<li>Isolateral movement allows strength to be developed equally<\/li>\n<\/ul>","protected":false},"excerpt":{"rendered":"<p>Tama\u00f1o de la m\u00e1quina (L*W*H)mm: 1365*1770*1980 Tubo 50*100*3mm,40*80*3mm Tubo de acero rectangular R Peso de la m\u00e1quina:165kg &nbsp; &nbsp; La almohadilla del respaldo tiene un \u00e1ngulo de 40 grados para una mejor estabilizaci\u00f3n durante los levantamientos pesados y ayuda a desalentar la hiperextensi\u00f3n de la columna vertebral durante el ejercicio. El cintur\u00f3n del asiento proporciona [&hellip;]<\/p>\n","protected":false},"featured_media":1829,"template":"","meta":[],"product_brand":[],"product_cat":[42],"product_tag":[],"class_list":{"0":"post-1828","1":"product","2":"type-product","3":"status-publish","4":"has-post-thumbnail","6":"product_cat-fuerza","8":"first","9":"instock","10":"taxable","11":"shipping-taxable","12":"purchasable","13":"product-type-simple"},"_links":{"self":[{"href":"https:\/\/fitcr.com\/en\/wp-json\/wp\/v2\/product\/1828","targetHints":{"allow":["GET"]}}],"collection":[{"href":"https:\/\/fitcr.com\/en\/wp-json\/wp\/v2\/product"}],"about":[{"href":"https:\/\/fitcr.com\/en\/wp-json\/wp\/v2\/types\/product"}],"wp:featuredmedia":[{"embeddable":true,"href":"https:\/\/fitcr.com\/en\/wp-json\/wp\/v2\/media\/1829"}],"wp:attachment":[{"href":"https:\/\/fitcr.com\/en\/wp-json\/wp\/v2\/media?parent=1828"}],"wp:term":[{"taxonomy":"product_brand","embeddable":true,"href":"https:\/\/fitcr.com\/en\/wp-json\/wp\/v2\/product_brand?post=1828"},{"taxonomy":"product_cat","embeddable":true,"href":"https:\/\/fitcr.com\/en\/wp-json\/wp\/v2\/product_cat?post=1828"},{"taxonomy":"product_tag","embeddable":true,"href":"https:\/\/fitcr.com\/en\/wp-json\/wp\/v2\/product_tag?post=1828"}],"curies":[{"name":"wp","href":"https:\/\/api.w.org\/{rel}","templated":true}]}}