{"id":1859,"date":"2023-01-21T15:57:43","date_gmt":"2023-01-21T21:57:43","guid":{"rendered":"https:\/\/fitcr.com\/?post_type=product&#038;p=1859"},"modified":"2024-09-10T15:58:53","modified_gmt":"2024-09-10T21:58:53","slug":"gtz-8114r-chest-press","status":"publish","type":"product","link":"https:\/\/fitcr.com\/en\/product\/gtz-8114r-chest-press\/","title":{"rendered":"GTZ-8114R CHEST PRESS"},"content":{"rendered":"<ul>\n<li>Tama\u00f1o de la m\u00e1quina (L*W*H)mm: 1365*1865*1745<\/li>\n<li>Tube 50*100*3mm,40*80*3mm Rectangular Steel Pipe R<\/li>\n<li>Peso de la m\u00e1quina:182kg<\/li>\n<\/ul>\n<p>&nbsp;<\/p>\n<hr \/>\n<p>&nbsp;<\/p>\n<ul>\n<li>La posici\u00f3n vertical del usuario es apropiada para todos los usuarios.<\/li>\n<li>El movimiento iso-lateral permite un desarrollo igual de la fuerza<\/li>\n<li>El cintur\u00f3n del asiento proporciona estabilizaci\u00f3n adicional<\/li>\n<li>M\u00e1quina de fuerza de martillo Top Ten en ventas<\/li>\n<\/ul>","protected":false},"excerpt":{"rendered":"<p>Tama\u00f1o de la m\u00e1quina (L*W*H)mm: 1365*1865*1745 Tubo 50*100*3mm,40*80*3mm Tubo de acero rectangular R Peso de la m\u00e1quina:182kg &nbsp; &nbsp; La posici\u00f3n vertical del usuario es apropiada para todos los usuarios. El movimiento iso-lateral permite un desarrollo igual de la fuerza El cintur\u00f3n del asiento proporciona estabilizaci\u00f3n adicional M\u00e1quina de fuerza de martillo Top Ten en [&hellip;]<\/p>\n","protected":false},"featured_media":1860,"template":"","meta":[],"product_brand":[],"product_cat":[42],"product_tag":[],"class_list":{"0":"post-1859","1":"product","2":"type-product","3":"status-publish","4":"has-post-thumbnail","6":"product_cat-fuerza","8":"first","9":"instock","10":"taxable","11":"shipping-taxable","12":"purchasable","13":"product-type-simple"},"_links":{"self":[{"href":"https:\/\/fitcr.com\/en\/wp-json\/wp\/v2\/product\/1859","targetHints":{"allow":["GET"]}}],"collection":[{"href":"https:\/\/fitcr.com\/en\/wp-json\/wp\/v2\/product"}],"about":[{"href":"https:\/\/fitcr.com\/en\/wp-json\/wp\/v2\/types\/product"}],"wp:featuredmedia":[{"embeddable":true,"href":"https:\/\/fitcr.com\/en\/wp-json\/wp\/v2\/media\/1860"}],"wp:attachment":[{"href":"https:\/\/fitcr.com\/en\/wp-json\/wp\/v2\/media?parent=1859"}],"wp:term":[{"taxonomy":"product_brand","embeddable":true,"href":"https:\/\/fitcr.com\/en\/wp-json\/wp\/v2\/product_brand?post=1859"},{"taxonomy":"product_cat","embeddable":true,"href":"https:\/\/fitcr.com\/en\/wp-json\/wp\/v2\/product_cat?post=1859"},{"taxonomy":"product_tag","embeddable":true,"href":"https:\/\/fitcr.com\/en\/wp-json\/wp\/v2\/product_tag?post=1859"}],"curies":[{"name":"wp","href":"https:\/\/api.w.org\/{rel}","templated":true}]}}