{"id":1861,"date":"2023-01-21T16:00:29","date_gmt":"2023-01-21T22:00:29","guid":{"rendered":"https:\/\/fitcr.com\/?post_type=product&#038;p=1861"},"modified":"2024-09-12T14:23:35","modified_gmt":"2024-09-12T20:23:35","slug":"gtz-8115r-iso-lateral-leg-curl","status":"publish","type":"product","link":"https:\/\/fitcr.com\/en\/product\/gtz-8115r-iso-lateral-leg-curl\/","title":{"rendered":"GTZ-8115R ISO SIDE LEG CURL"},"content":{"rendered":"<ul>\n<li>Tama\u00f1o de la m\u00e1quina (L*W*H)mm:1590*1500*1085<\/li>\n<li>Tube: 60*110*3mm oval rectangular tube<\/li>\n<li>Stack de eso: 138 kg<\/li>\n<\/ul>\n<p>&nbsp;<\/p>\n<hr \/>\n<p>&nbsp;<\/p>\n<ul>\n<li>Fue blueprinted del movimiento humano<\/li>\n<li>Los cuernos separados del peso enganchan los movimientos divergentes y convergentes independientes para el desarrollo igual de la fuerza y la variedad del est\u00edmulo del m\u00fasculo<\/li>\n<li>El \u00e1ngulo divergente entre las almohadillas de cadera y pecho ayuda a reducir la tensi\u00f3n lumbar.<\/li>\n<\/ul>","protected":false},"excerpt":{"rendered":"<p>Tama\u00f1o de la m\u00e1quina (L*W*H)mm:1590*1500*1085 Tubo:60*110*3mm tubo rectangular ovalado Stack de eso: 138 kg &nbsp; &nbsp; Fue blueprinted del movimiento humano Los cuernos separados del peso enganchan los movimientos divergentes y convergentes independientes para el desarrollo igual de la fuerza y la variedad del est\u00edmulo del m\u00fasculo El \u00e1ngulo divergente entre las almohadillas de cadera [&hellip;]<\/p>\n","protected":false},"featured_media":1862,"template":"","meta":[],"product_brand":[],"product_cat":[42],"product_tag":[],"class_list":{"0":"post-1861","1":"product","2":"type-product","3":"status-publish","4":"has-post-thumbnail","6":"product_cat-fuerza","8":"first","9":"instock","10":"taxable","11":"shipping-taxable","12":"purchasable","13":"product-type-simple"},"_links":{"self":[{"href":"https:\/\/fitcr.com\/en\/wp-json\/wp\/v2\/product\/1861","targetHints":{"allow":["GET"]}}],"collection":[{"href":"https:\/\/fitcr.com\/en\/wp-json\/wp\/v2\/product"}],"about":[{"href":"https:\/\/fitcr.com\/en\/wp-json\/wp\/v2\/types\/product"}],"wp:featuredmedia":[{"embeddable":true,"href":"https:\/\/fitcr.com\/en\/wp-json\/wp\/v2\/media\/1862"}],"wp:attachment":[{"href":"https:\/\/fitcr.com\/en\/wp-json\/wp\/v2\/media?parent=1861"}],"wp:term":[{"taxonomy":"product_brand","embeddable":true,"href":"https:\/\/fitcr.com\/en\/wp-json\/wp\/v2\/product_brand?post=1861"},{"taxonomy":"product_cat","embeddable":true,"href":"https:\/\/fitcr.com\/en\/wp-json\/wp\/v2\/product_cat?post=1861"},{"taxonomy":"product_tag","embeddable":true,"href":"https:\/\/fitcr.com\/en\/wp-json\/wp\/v2\/product_tag?post=1861"}],"curies":[{"name":"wp","href":"https:\/\/api.w.org\/{rel}","templated":true}]}}