{"id":1863,"date":"2023-01-21T16:02:10","date_gmt":"2023-01-21T22:02:10","guid":{"rendered":"https:\/\/fitcr.com\/?post_type=product&#038;p=1863"},"modified":"2024-09-12T14:22:40","modified_gmt":"2024-09-12T20:22:40","slug":"gtz-8116r-squat-lunge","status":"publish","type":"product","link":"https:\/\/fitcr.com\/en\/product\/gtz-8116r-squat-lunge\/","title":{"rendered":"GTZ-8116R SQUAT LUNGE"},"content":{"rendered":"<ul>\n<li>Tama\u00f1o de la m\u00e1quina (L*W*H)mm: 1430*1640*865<\/li>\n<li>Tubo: 50*100*3mm,40*80*3mm de acero rectangular R<\/li>\n<li>Peso de la m\u00e1quina:137kg<\/li>\n<\/ul>\n<p>&nbsp;<\/p>\n<hr \/>\n<p>&nbsp;<\/p>\n<ul>\n<li>Unidad multifuncional que permite al usuario realizar numerosos ejercicios incluyendo sentadillas, estocadas, encogimientos de hombros, levantamientos muertos, etc.<\/li>\n<li>Diferentes curvas de fuerza disponibles mediante la utilizaci\u00f3n de diferentes puntos de carga y posiciones separadas de las asas.<\/li>\n<li>La posici\u00f3n de los pies en el suelo favorece el entrenamiento funcional<\/li>\n<li>Manillar moldeado de larga duraci\u00f3n.<\/li>\n<\/ul>","protected":false},"excerpt":{"rendered":"<p>Tama\u00f1o de la m\u00e1quina (L*W*H)mm: 1430*1640*865 Tubo: 50*100*3mm,40*80*3mm de acero rectangular R Peso de la m\u00e1quina:137kg &nbsp; &nbsp; Unidad multifuncional que permite al usuario realizar numerosos ejercicios incluyendo sentadillas, estocadas, encogimientos de hombros, levantamientos muertos, etc. Diferentes curvas de fuerza disponibles mediante la utilizaci\u00f3n de diferentes puntos de carga y posiciones separadas de las asas. [&hellip;]<\/p>\n","protected":false},"featured_media":1864,"template":"","meta":[],"product_brand":[],"product_cat":[42],"product_tag":[],"class_list":{"0":"post-1863","1":"product","2":"type-product","3":"status-publish","4":"has-post-thumbnail","6":"product_cat-fuerza","8":"first","9":"instock","10":"taxable","11":"shipping-taxable","12":"purchasable","13":"product-type-simple"},"_links":{"self":[{"href":"https:\/\/fitcr.com\/en\/wp-json\/wp\/v2\/product\/1863","targetHints":{"allow":["GET"]}}],"collection":[{"href":"https:\/\/fitcr.com\/en\/wp-json\/wp\/v2\/product"}],"about":[{"href":"https:\/\/fitcr.com\/en\/wp-json\/wp\/v2\/types\/product"}],"wp:featuredmedia":[{"embeddable":true,"href":"https:\/\/fitcr.com\/en\/wp-json\/wp\/v2\/media\/1864"}],"wp:attachment":[{"href":"https:\/\/fitcr.com\/en\/wp-json\/wp\/v2\/media?parent=1863"}],"wp:term":[{"taxonomy":"product_brand","embeddable":true,"href":"https:\/\/fitcr.com\/en\/wp-json\/wp\/v2\/product_brand?post=1863"},{"taxonomy":"product_cat","embeddable":true,"href":"https:\/\/fitcr.com\/en\/wp-json\/wp\/v2\/product_cat?post=1863"},{"taxonomy":"product_tag","embeddable":true,"href":"https:\/\/fitcr.com\/en\/wp-json\/wp\/v2\/product_tag?post=1863"}],"curies":[{"name":"wp","href":"https:\/\/api.w.org\/{rel}","templated":true}]}}