{"id":1865,"date":"2023-01-21T16:05:46","date_gmt":"2023-01-21T22:05:46","guid":{"rendered":"https:\/\/fitcr.com\/?post_type=product&#038;p=1865"},"modified":"2024-09-12T14:22:09","modified_gmt":"2024-09-12T20:22:09","slug":"gtz-8117r-v-squat-rack","status":"publish","type":"product","link":"https:\/\/fitcr.com\/en\/product\/gtz-8117r-v-squat-rack\/","title":{"rendered":"GTZ-8117R V-SQUAT RACK"},"content":{"rendered":"<ul>\n<li>Tama\u00f1o de la m\u00e1quina (L*W*H)mm: 2100*1310*1860<\/li>\n<li>Tube 50*100*3mm,40*80*3mm Rectangular Steel Pipe R<\/li>\n<li>Peso de la m\u00e1quina: 202kg<\/li>\n<\/ul>\n<p>&nbsp;<\/p>\n<hr \/>\n<p>&nbsp;<\/p>\n<ul>\n<li>Proporciona un movimiento natural en cuclillas en comparaci\u00f3n con una prensa de piernas tradicional o sentadilla hack.<\/li>\n<li>El dise\u00f1o de la m\u00e1quina reduce la tensi\u00f3n en la espalda y las rodillas a trav\u00e9s de un arco curvo de movimiento<\/li>\n<li>El contrapeso est\u00e1ndar proporciona una menor resistencia inicial<\/li>\n<\/ul>","protected":false},"excerpt":{"rendered":"<p>Tama\u00f1o de la m\u00e1quina (L*W*H)mm: 2100*1310*1860 Tubo 50*100*3mm,40*80*3mm Tubo de acero rectangular R Peso de la m\u00e1quina: 202kg &nbsp; &nbsp; Proporciona un movimiento natural en cuclillas en comparaci\u00f3n con una prensa de piernas tradicional o sentadilla hack. El dise\u00f1o de la m\u00e1quina reduce la tensi\u00f3n en la espalda y las rodillas a trav\u00e9s de un [&hellip;]<\/p>\n","protected":false},"featured_media":1866,"template":"","meta":[],"product_brand":[],"product_cat":[42],"product_tag":[],"class_list":{"0":"post-1865","1":"product","2":"type-product","3":"status-publish","4":"has-post-thumbnail","6":"product_cat-fuerza","8":"first","9":"instock","10":"taxable","11":"shipping-taxable","12":"purchasable","13":"product-type-simple"},"_links":{"self":[{"href":"https:\/\/fitcr.com\/en\/wp-json\/wp\/v2\/product\/1865","targetHints":{"allow":["GET"]}}],"collection":[{"href":"https:\/\/fitcr.com\/en\/wp-json\/wp\/v2\/product"}],"about":[{"href":"https:\/\/fitcr.com\/en\/wp-json\/wp\/v2\/types\/product"}],"wp:featuredmedia":[{"embeddable":true,"href":"https:\/\/fitcr.com\/en\/wp-json\/wp\/v2\/media\/1866"}],"wp:attachment":[{"href":"https:\/\/fitcr.com\/en\/wp-json\/wp\/v2\/media?parent=1865"}],"wp:term":[{"taxonomy":"product_brand","embeddable":true,"href":"https:\/\/fitcr.com\/en\/wp-json\/wp\/v2\/product_brand?post=1865"},{"taxonomy":"product_cat","embeddable":true,"href":"https:\/\/fitcr.com\/en\/wp-json\/wp\/v2\/product_cat?post=1865"},{"taxonomy":"product_tag","embeddable":true,"href":"https:\/\/fitcr.com\/en\/wp-json\/wp\/v2\/product_tag?post=1865"}],"curies":[{"name":"wp","href":"https:\/\/api.w.org\/{rel}","templated":true}]}}