{"id":1897,"date":"2023-03-10T09:29:44","date_gmt":"2023-03-10T15:29:44","guid":{"rendered":"https:\/\/fitcr.com\/?post_type=product&#038;p=1897"},"modified":"2026-01-29T09:29:31","modified_gmt":"2026-01-29T15:29:31","slug":"gg-2017r-multigym-5-stations","status":"publish","type":"product","link":"https:\/\/fitcr.com\/en\/product\/gg-2017r-multigym-5-stations\/","title":{"rendered":"GG-2017R MULTIGYM 4 STATIONS"},"content":{"rendered":"<ul>\n<li>Quite CO2 Gas Shielded Arc Welding<\/li>\n<li>super quality leather<\/li>\n<li>Excellent electrostatic powder coating with good adhesive strength<\/li>\n<li>Strong steel cable with 6mm diameter<\/li>\n<li>Weight stack 75kg x 2<\/li>\n<li>Size: 3100x2550x2200mm<\/li>\n<li>Net weight: 405kg<\/li>\n<li>Gross Weight: 450KG<\/li>\n<li>Packing size: 1700x1210x460mm 2240x560x340mm 410x315x170mm x 2<\/li>\n<li><span style=\"font-size: 16px\">Chest press, leg extension, rowing, lat pull down, low row, pec fly, leg press, leg raise, leg curl, abs, functional trainer<\/span><\/li>\n<\/ul>","protected":false},"excerpt":{"rendered":"<p>Bastante CO2 soldadura por arco con protecci\u00f3n de gas Cuero de s\u00faper calidad Excelente recubrimiento electrost\u00e1tico en polvo con buena fuerza adhesiva Fuerte cable de acero con 6mm de di\u00e1metro Pila de pesas 75kg x 2 Tama\u00f1o: 3100x2550x2200mm Peso neto: 405kg Peso bruto: 450KG Tama\u00f1o del embalaje: 1700x1210x460mm 2240x560x340mm 410x315x170mm x 2 Press de pecho, [&hellip;]<\/p>\n","protected":false},"featured_media":1898,"template":"","meta":[],"product_brand":[],"product_cat":[79],"product_tag":[],"class_list":{"0":"post-1897","1":"product","2":"type-product","3":"status-publish","4":"has-post-thumbnail","6":"product_cat-multigimnasios","8":"first","9":"instock","10":"sale","11":"taxable","12":"shipping-taxable","13":"purchasable","14":"product-type-simple"},"_links":{"self":[{"href":"https:\/\/fitcr.com\/en\/wp-json\/wp\/v2\/product\/1897","targetHints":{"allow":["GET"]}}],"collection":[{"href":"https:\/\/fitcr.com\/en\/wp-json\/wp\/v2\/product"}],"about":[{"href":"https:\/\/fitcr.com\/en\/wp-json\/wp\/v2\/types\/product"}],"wp:featuredmedia":[{"embeddable":true,"href":"https:\/\/fitcr.com\/en\/wp-json\/wp\/v2\/media\/1898"}],"wp:attachment":[{"href":"https:\/\/fitcr.com\/en\/wp-json\/wp\/v2\/media?parent=1897"}],"wp:term":[{"taxonomy":"product_brand","embeddable":true,"href":"https:\/\/fitcr.com\/en\/wp-json\/wp\/v2\/product_brand?post=1897"},{"taxonomy":"product_cat","embeddable":true,"href":"https:\/\/fitcr.com\/en\/wp-json\/wp\/v2\/product_cat?post=1897"},{"taxonomy":"product_tag","embeddable":true,"href":"https:\/\/fitcr.com\/en\/wp-json\/wp\/v2\/product_tag?post=1897"}],"curies":[{"name":"wp","href":"https:\/\/api.w.org\/{rel}","templated":true}]}}