{"id":1901,"date":"2023-03-10T09:50:21","date_gmt":"2023-03-10T15:50:21","guid":{"rendered":"https:\/\/fitcr.com\/?post_type=product&#038;p=1901"},"modified":"2026-01-21T10:13:33","modified_gmt":"2026-01-21T16:13:33","slug":"gg-2016ar-one-station-multi-gym","status":"publish","type":"product","link":"https:\/\/fitcr.com\/en\/product\/gg-2016ar-one-station-multi-gym\/","title":{"rendered":"GG-2016AR ONE STATION MULTI GYM"},"content":{"rendered":"<ul>\n<li>Quite CO2 Gas Shielded Arc Welding<\/li>\n<li>super quality leather<\/li>\n<li>Excellent electrostatic powder coating with good adhesive strength<\/li>\n<li>Strong steel cable with 6mm diameter<\/li>\n<li>Stack weight 75kg<\/li>\n<li>Size: 2100x1550x2200mm<\/li>\n<li>Net weight: 230kg gross<\/li>\n<li>Weight: 260KG<\/li>\n<li>Packing size: 1410x940x440mm 1960x280x360mm 410x315x170mm<\/li>\n<\/ul>","protected":false},"excerpt":{"rendered":"<p>Bastante CO2 soldadura por arco con protecci\u00f3n de gas S\u00faper cuero de calidad Excelente recubrimiento electrost\u00e1tico en polvo con buena fuerza adhesiva Fuerte cable de acero con 6mm de di\u00e1metro Pila de peso 75kg Tama\u00f1o: 2100x1550x2200mm Peso neto: 230kg bruto Peso: 260KG Tama\u00f1o del embalaje: 1410x940x440mm 1960x280x360mm 410x315x170mm<\/p>","protected":false},"featured_media":1902,"template":"","meta":[],"product_brand":[],"product_cat":[79],"product_tag":[],"class_list":{"0":"post-1901","1":"product","2":"type-product","3":"status-publish","4":"has-post-thumbnail","6":"product_cat-multigimnasios","8":"first","9":"instock","10":"sale","11":"taxable","12":"shipping-taxable","13":"purchasable","14":"product-type-simple"},"_links":{"self":[{"href":"https:\/\/fitcr.com\/en\/wp-json\/wp\/v2\/product\/1901","targetHints":{"allow":["GET"]}}],"collection":[{"href":"https:\/\/fitcr.com\/en\/wp-json\/wp\/v2\/product"}],"about":[{"href":"https:\/\/fitcr.com\/en\/wp-json\/wp\/v2\/types\/product"}],"wp:featuredmedia":[{"embeddable":true,"href":"https:\/\/fitcr.com\/en\/wp-json\/wp\/v2\/media\/1902"}],"wp:attachment":[{"href":"https:\/\/fitcr.com\/en\/wp-json\/wp\/v2\/media?parent=1901"}],"wp:term":[{"taxonomy":"product_brand","embeddable":true,"href":"https:\/\/fitcr.com\/en\/wp-json\/wp\/v2\/product_brand?post=1901"},{"taxonomy":"product_cat","embeddable":true,"href":"https:\/\/fitcr.com\/en\/wp-json\/wp\/v2\/product_cat?post=1901"},{"taxonomy":"product_tag","embeddable":true,"href":"https:\/\/fitcr.com\/en\/wp-json\/wp\/v2\/product_tag?post=1901"}],"curies":[{"name":"wp","href":"https:\/\/api.w.org\/{rel}","templated":true}]}}