{"id":1903,"date":"2023-03-10T10:16:02","date_gmt":"2023-03-10T16:16:02","guid":{"rendered":"https:\/\/fitcr.com\/?post_type=product&#038;p=1903"},"modified":"2024-09-10T15:53:26","modified_gmt":"2024-09-10T21:53:26","slug":"gg-608r-one-station-multi-gym","status":"publish","type":"product","link":"https:\/\/fitcr.com\/en\/product\/gg-608r-one-station-multi-gym\/","title":{"rendered":"GG-608R ONE STATION MULTI GYM"},"content":{"rendered":"<ul>\n<li>High quality steel main tube with 2mm thickness<\/li>\n<li>onite arc welding protected with CO2 gas<\/li>\n<li>super quality leather<\/li>\n<li>Excellent electrostatic powder coating with good adhesive strength<\/li>\n<li>Strong steel cable with 6mm diameter<\/li>\n<li>50kg weight stack<\/li>\n<li>Size: 1700x900x2000mm<\/li>\n<li>Net weight: 105kg<\/li>\n<li>Gross Weight: 110KG<\/li>\n<li>Packing size: 1800x650x200mm 270x200x310mm x 2<\/li>\n<\/ul>","protected":false},"excerpt":{"rendered":"<p>Tubo principal de acero de alta calidad con 2 mm de espesor onita soldadura por arco protegido con gas CO2 Cuero de s\u00faper calidad Excelente recubrimiento electrost\u00e1tico en polvo con buena fuerza adhesiva Cable de acero resistente con 6mm de di\u00e1metro Pila de peso 50kg Tama\u00f1o: 1700x900x2000mm Peso neto: 105kg Peso bruto: 110KG Tama\u00f1o del [&hellip;]<\/p>\n","protected":false},"featured_media":1904,"template":"","meta":[],"product_brand":[],"product_cat":[79],"product_tag":[],"class_list":{"0":"post-1903","1":"product","2":"type-product","3":"status-publish","4":"has-post-thumbnail","6":"product_cat-multigimnasios","8":"first","9":"instock","10":"taxable","11":"shipping-taxable","12":"purchasable","13":"product-type-simple"},"_links":{"self":[{"href":"https:\/\/fitcr.com\/en\/wp-json\/wp\/v2\/product\/1903","targetHints":{"allow":["GET"]}}],"collection":[{"href":"https:\/\/fitcr.com\/en\/wp-json\/wp\/v2\/product"}],"about":[{"href":"https:\/\/fitcr.com\/en\/wp-json\/wp\/v2\/types\/product"}],"wp:featuredmedia":[{"embeddable":true,"href":"https:\/\/fitcr.com\/en\/wp-json\/wp\/v2\/media\/1904"}],"wp:attachment":[{"href":"https:\/\/fitcr.com\/en\/wp-json\/wp\/v2\/media?parent=1903"}],"wp:term":[{"taxonomy":"product_brand","embeddable":true,"href":"https:\/\/fitcr.com\/en\/wp-json\/wp\/v2\/product_brand?post=1903"},{"taxonomy":"product_cat","embeddable":true,"href":"https:\/\/fitcr.com\/en\/wp-json\/wp\/v2\/product_cat?post=1903"},{"taxonomy":"product_tag","embeddable":true,"href":"https:\/\/fitcr.com\/en\/wp-json\/wp\/v2\/product_tag?post=1903"}],"curies":[{"name":"wp","href":"https:\/\/api.w.org\/{rel}","templated":true}]}}