{"id":1946,"date":"2023-03-11T11:01:03","date_gmt":"2023-03-11T17:01:03","guid":{"rendered":"https:\/\/fitcr.com\/?post_type=product&#038;p=1946"},"modified":"2024-09-10T15:43:58","modified_gmt":"2024-09-10T21:43:58","slug":"xs-bike-schwinn","status":"publish","type":"product","link":"https:\/\/fitcr.com\/en\/product\/xs-bike-schwinn\/","title":{"rendered":"XS BIKE SCHWINN"},"content":{"rendered":"<div class=\"tabs-footer\">\n<ul>\n<li>X Bikes offer a technology-free experience, ideal for music-focused group cycling studios, as well as group homes and hospitality gyms that do not offer guided classes. With the optional 4iiii power meter, members and guests can bring their phone or personal fitness device to track and store their personal data.<\/li>\n<li>We lead by example by creating authentic, comprehensive content and using a training approach that allows instructors to connect with members of all fitness levels. By taking one of our courses, instructors will learn the importance of being a trusted communicator, how to set expectations, engage, motivate and retain members. Join the ranks of the Certified, a community of hundreds of thousands of instructors, and earn continuing education credentials from ACE, AFAA, NASM, and CIMPSA.<\/li>\n<li>Product size (L x W): 42.5 IN x 20.6 IN (1076.5 MM x 525 MM)<br \/>\nMAXIMUM PRODUCT LENGTH: 56 IN (1420 MM)<br \/>\nMAXIMUM USER WEIGHT: 136 KG (300 LBS)<br \/>\nPRODUCT WEIGHT: 130 LBS (59 KG)<br \/>\nSHIPPING WEIGHT: 69 KG (152 LBS)<\/li>\n<\/ul>\n<\/div>\n<p>&nbsp;<\/p>\n<hr \/>\n<p>&nbsp;<\/p>\n<div class=\"tabs-footer\">\n<p>SKUs:<br \/>\nXs 9-7480-QINTP0 (Smooth Poly V)<br \/>\nXa 9-7470-QINTP0 (Genuine Carbon Timing Belt)<\/p>\n<ul>\n<li>Smooth Poly V Transmission on Xs 7480<\/li>\n<li>Authentic carbon timing belt in Xa 7470<\/li>\n<li>Integrated phone\/tablet holder<\/li>\n<li>6-magnet non-contact magnetic resistance system<\/li>\n<li>Morse Taper pedals and bottom bracket for durability and reliability<\/li>\n<li>Frame Finish: Powder Coated Aluminum<\/li>\n<li>User height range: 150 cm to 203 cm (4&#039;11 to 6&#039;8)<\/li>\n<li>Maximum user weight: 136 kg (300 lb)<\/li>\n<li><strong>Sustainability:<\/strong> Create a positive impact through thoughtful actions. To reduce the negative influence of our packaging on marine life and waterways, we have replaced expanded polystyrene (EPS) with recycled 100% corrugated cardboard, which can be recycled again to also use less raw material. Look for ways to reduce disposal costs and environmental impact with recycling.<\/li>\n<li><strong>Bring your own console (BYOC):<\/strong> Add a 4iiii power meter to use personal fitness tracking apps at BYOC via BLE, or stream power\/RPM to a group display in the studio via ANT+.<\/li>\n<li><strong>Compatible Accessories and Upgrades:<\/strong><\/li>\n<li><strong>Pedals:<\/strong> Compatible with Triple Link KEO, Morse Taper (718-5869), Compatible with Triple Link Delta, Morse Taper (740-8689)<\/li>\n<\/ul>\n<p><img decoding=\"async\" class=\"aligncenter wp-image-44654\" src=\"https:\/\/corehandf.com\/wp-content\/uploads\/2021\/02\/Schwinn-Pedals-Triple-Link-Keo-150x150.png\" alt=\"Schwinn-Pedals-Triple-Link-Keo\" width=\"200\" height=\"200\" \/>\u00a0<img decoding=\"async\" class=\"aligncenter wp-image-44659\" src=\"https:\/\/corehandf.com\/wp-content\/uploads\/2021\/02\/Schwinn-Pedals-Triple-Link-Delta-150x150.png\" alt=\"Schwinn-Pedals-Triple-Link-Delta\" width=\"200\" height=\"200\" \/><\/p>\n<p>&nbsp;<\/p>\n<ul>\n<li><strong>Bike Numbering Tags:<\/strong>\u00a0727-0161<\/li>\n<\/ul>\n<p><img decoding=\"async\" class=\"aligncenter wp-image-61919 size-thumbnail\" src=\"https:\/\/corehandf.com\/wp-content\/uploads\/2021\/02\/20-00586-Number-Tag-1-150x150.png\" alt=\"Schwinn XZ Number Tag300x300\" width=\"150\" height=\"150\" \/><\/p>\n<ul>\n<li><strong>Dumbbell Holders:<\/strong>\u00a0700-0504-35<\/li>\n<\/ul>\n<p><img loading=\"lazy\" decoding=\"async\" class=\"aligncenter wp-image-44393 size-thumbnail\" src=\"https:\/\/corehandf.com\/wp-content\/uploads\/2021\/02\/20-00586-Dumbbell-Holder-150x150.png\" alt=\"Dumbbell Holder\" width=\"150\" height=\"150\" \/><\/p>\n<ul>\n<li><strong>Powermeter Crank:<\/strong>\u00a0718-6306<\/li>\n<\/ul>\n<p><img loading=\"lazy\" decoding=\"async\" class=\"aligncenter wp-image-45672 size-thumbnail\" src=\"https:\/\/corehandf.com\/wp-content\/uploads\/2021\/02\/Schwinn-4iiii-Powermeter500x500-150x150.png\" alt=\"Schwinn 4iiii Powermeter\" width=\"150\" height=\"150\" \/><\/p>\n<p><strong>Personalization:<\/strong> We know what it takes to create an authentic and meaningful brand experience. Our customization program is the perfect way to leverage all that hard work to create an amazing group cycle experience. Whether your goal is to create a peaceful place to relax or an energetic nightclub, our consultative approach will help you get there.<\/p>\n<\/div>","protected":false},"excerpt":{"rendered":"<p>Las X Bikes ofrecen una experiencia sin tecnolog\u00eda, ideal para estudios de ciclismo en grupo centrados en la m\u00fasica, as\u00ed como para viviendas colectivas y gimnasios de hosteler\u00eda que no ofrezcan clases dirigidas. Con el medidor de potencia 4iiii opcional, los socios e invitados pueden llevar su tel\u00e9fono o dispositivo personal de fitness para realizar [&hellip;]<\/p>\n","protected":false},"featured_media":1947,"template":"","meta":[],"product_brand":[],"product_cat":[80],"product_tag":[],"class_list":{"0":"post-1946","1":"product","2":"type-product","3":"status-publish","4":"has-post-thumbnail","6":"product_cat-americanas","8":"first","9":"instock","10":"taxable","11":"shipping-taxable","12":"purchasable","13":"product-type-simple"},"_links":{"self":[{"href":"https:\/\/fitcr.com\/en\/wp-json\/wp\/v2\/product\/1946","targetHints":{"allow":["GET"]}}],"collection":[{"href":"https:\/\/fitcr.com\/en\/wp-json\/wp\/v2\/product"}],"about":[{"href":"https:\/\/fitcr.com\/en\/wp-json\/wp\/v2\/types\/product"}],"wp:featuredmedia":[{"embeddable":true,"href":"https:\/\/fitcr.com\/en\/wp-json\/wp\/v2\/media\/1947"}],"wp:attachment":[{"href":"https:\/\/fitcr.com\/en\/wp-json\/wp\/v2\/media?parent=1946"}],"wp:term":[{"taxonomy":"product_brand","embeddable":true,"href":"https:\/\/fitcr.com\/en\/wp-json\/wp\/v2\/product_brand?post=1946"},{"taxonomy":"product_cat","embeddable":true,"href":"https:\/\/fitcr.com\/en\/wp-json\/wp\/v2\/product_cat?post=1946"},{"taxonomy":"product_tag","embeddable":true,"href":"https:\/\/fitcr.com\/en\/wp-json\/wp\/v2\/product_tag?post=1946"}],"curies":[{"name":"wp","href":"https:\/\/api.w.org\/{rel}","templated":true}]}}