{"id":1963,"date":"2023-03-11T11:23:20","date_gmt":"2023-03-11T17:23:20","guid":{"rendered":"https:\/\/fitcr.com\/?post_type=product&#038;p=1963"},"modified":"2024-09-10T15:39:15","modified_gmt":"2024-09-10T21:39:15","slug":"zone-console","status":"publish","type":"product","link":"https:\/\/fitcr.com\/en\/product\/zone-console\/","title":{"rendered":"ZONE CONSOLE"},"content":{"rendered":"<ul>\n<li>Junto con el medidor de potencia tridimensional de galgas extensom\u00e9tricas l\u00edder del sector de 4iiii, la consola Zone de la Z Bike muestra la potencia m\u00e1s precisa, directamente del miembro. Es el indicador m\u00e1s fiable y aut\u00e9ntico para el rendimiento en el ciclismo. La consola permite a los miembros utilizar la entrada FTP, haciendo que las zonas sean personales.<\/li>\n<li>Instructors will love pairing a class with color, allowing members from both ends of the fitness spectrum to pedal side by side with the same intensity and sense of accomplishment. Schwinn&#039;s comprehensive approach reduces the traditional number of Power and Heart Rate training zones to 4 to align with ratings of perceived exertion, creating more accessible and affordable programming for both instructors and users. Zone-colored LED lights next to the flywheel show each member&#039;s intensity, encouraging the class to pedal as one.<\/li>\n<\/ul>\n<p>&nbsp;<\/p>\n<hr \/>\n<p>&nbsp;<\/p>\n<ul>\n<li>Conectividad &#8211; ANT+ FE-C, FIT, PWR, HR, BLE, Samsung y Apple tap to pair &#8211; \u00a1la \u00fanica bicicleta de grupo del sector que se empareja con Apple Watch!<\/li>\n<li>M\u00e9tricas mostradas &#8211; Potencia (vatios), Cadencia (RPM), Marchas opcionales, Calor\u00edas (kCal\/kJ), Distancia (MI\/km) y Duraci\u00f3n<\/li>\n<li>Entrada biom\u00e9trica que personaliza las zonas &#8211; FTP, % de Frecuencia Card\u00edaca M\u00e1xima<\/li>\n<li>Modos de zona disponibles &#8211; Ritmo, %FTP, %MaxHR, o simple\/reducida<\/li>\n<li>Incluye cron\u00f3metro de etapas con columna &#8220;Anterior&#8221; para fijar objetivos<\/li>\n<li>Trofeos de potencia opcionales que fomentan los mejores resultados personales de 1 min, 5 min y 20 min a lo largo de un recorrido<\/li>\n<li>Pantalla LCD en color<\/li>\n<li>Puede personalizar el color, desactivar o apagar los LEDs de Z Bike desde la Consola de Zona (ej. colores est\u00e1ticos disponibles: Rojo, Naranja, Amarillo, Verde, Azul, Cian, Rosa, Blanco)<\/li>\n<li>Alimentado por generador<br \/>\n25 marchas\/niveles de resistencia<\/li>\n<li>Compatible con Sony Advagym<\/li>\n<\/ul>","protected":false},"excerpt":{"rendered":"<p>Junto con el medidor de potencia tridimensional de galgas extensom\u00e9tricas l\u00edder del sector de 4iiii, la consola Zone de la Z Bike muestra la potencia m\u00e1s precisa, directamente del miembro. Es el indicador m\u00e1s fiable y aut\u00e9ntico para el rendimiento en el ciclismo. La consola permite a los miembros utilizar la entrada FTP, haciendo que [&hellip;]<\/p>\n","protected":false},"featured_media":1964,"template":"","meta":[],"product_brand":[],"product_cat":[80],"product_tag":[],"class_list":{"0":"post-1963","1":"product","2":"type-product","3":"status-publish","4":"has-post-thumbnail","6":"product_cat-americanas","8":"first","9":"instock","10":"taxable","11":"shipping-taxable","12":"product-type-simple"},"_links":{"self":[{"href":"https:\/\/fitcr.com\/en\/wp-json\/wp\/v2\/product\/1963","targetHints":{"allow":["GET"]}}],"collection":[{"href":"https:\/\/fitcr.com\/en\/wp-json\/wp\/v2\/product"}],"about":[{"href":"https:\/\/fitcr.com\/en\/wp-json\/wp\/v2\/types\/product"}],"wp:featuredmedia":[{"embeddable":true,"href":"https:\/\/fitcr.com\/en\/wp-json\/wp\/v2\/media\/1964"}],"wp:attachment":[{"href":"https:\/\/fitcr.com\/en\/wp-json\/wp\/v2\/media?parent=1963"}],"wp:term":[{"taxonomy":"product_brand","embeddable":true,"href":"https:\/\/fitcr.com\/en\/wp-json\/wp\/v2\/product_brand?post=1963"},{"taxonomy":"product_cat","embeddable":true,"href":"https:\/\/fitcr.com\/en\/wp-json\/wp\/v2\/product_cat?post=1963"},{"taxonomy":"product_tag","embeddable":true,"href":"https:\/\/fitcr.com\/en\/wp-json\/wp\/v2\/product_tag?post=1963"}],"curies":[{"name":"wp","href":"https:\/\/api.w.org\/{rel}","templated":true}]}}