{"id":1968,"date":"2023-03-11T11:24:43","date_gmt":"2023-03-11T17:24:43","guid":{"rendered":"https:\/\/fitcr.com\/?post_type=product&#038;p=1968"},"modified":"2024-09-10T15:38:50","modified_gmt":"2024-09-10T21:38:50","slug":"cadence-pro","status":"publish","type":"product","link":"https:\/\/fitcr.com\/en\/product\/cadence-pro\/","title":{"rendered":"CADENCE PRO"},"content":{"rendered":"<ul>\n<li>Add a variety of basic rider feedback tools \u2013 time, distance, calories and RPM \u2013 to your ride with the Cadence Pro. This console brings motivation and measurement to group cycling study with a compact display that&#039;s easy to use and easy to read, making a great bike even better.<\/li>\n<li>SKU: 700-0008<\/li>\n<\/ul>","protected":false},"excerpt":{"rendered":"<p>A\u00f1ade una variedad de herramientas b\u00e1sicas de feedback del ciclista &#8211; tiempo, distancia, calor\u00edas y RPM &#8211; a tu recorrido con la Cadence Pro. Esta consola aporta motivaci\u00f3n y medici\u00f3n al estudio de ciclismo en grupo con una pantalla compacta que es f\u00e1cil de usar y f\u00e1cil de leer, haciendo que una gran bicicleta sea [&hellip;]<\/p>\n","protected":false},"featured_media":1969,"template":"","meta":[],"product_brand":[],"product_cat":[26],"product_tag":[],"class_list":{"0":"post-1968","1":"product","2":"type-product","3":"status-publish","4":"has-post-thumbnail","6":"product_cat-cardio","8":"first","9":"instock","10":"taxable","11":"shipping-taxable","12":"purchasable","13":"product-type-simple"},"_links":{"self":[{"href":"https:\/\/fitcr.com\/en\/wp-json\/wp\/v2\/product\/1968","targetHints":{"allow":["GET"]}}],"collection":[{"href":"https:\/\/fitcr.com\/en\/wp-json\/wp\/v2\/product"}],"about":[{"href":"https:\/\/fitcr.com\/en\/wp-json\/wp\/v2\/types\/product"}],"wp:featuredmedia":[{"embeddable":true,"href":"https:\/\/fitcr.com\/en\/wp-json\/wp\/v2\/media\/1969"}],"wp:attachment":[{"href":"https:\/\/fitcr.com\/en\/wp-json\/wp\/v2\/media?parent=1968"}],"wp:term":[{"taxonomy":"product_brand","embeddable":true,"href":"https:\/\/fitcr.com\/en\/wp-json\/wp\/v2\/product_brand?post=1968"},{"taxonomy":"product_cat","embeddable":true,"href":"https:\/\/fitcr.com\/en\/wp-json\/wp\/v2\/product_cat?post=1968"},{"taxonomy":"product_tag","embeddable":true,"href":"https:\/\/fitcr.com\/en\/wp-json\/wp\/v2\/product_tag?post=1968"}],"curies":[{"name":"wp","href":"https:\/\/api.w.org\/{rel}","templated":true}]}}