{"id":1970,"date":"2023-03-11T11:25:59","date_gmt":"2023-03-11T17:25:59","guid":{"rendered":"https:\/\/fitcr.com\/?post_type=product&#038;p=1970"},"modified":"2024-09-10T15:38:28","modified_gmt":"2024-09-10T21:38:28","slug":"echelon2-for-4iiii","status":"publish","type":"product","link":"https:\/\/fitcr.com\/en\/product\/echelon2-for-4iiii\/","title":{"rendered":"ECHELON2 (FOR 4IIII)"},"content":{"rendered":"<ul>\n<li>At Schwinn, we&#039;re committed to designing bikes that offer both an authentic experience for riders and lasting value for gym and studio owners. It&#039;s a dedication that has led us to develop the most feature-rich console in the industry today. As measurement is an added tool that is gaining more and more fans in bike rooms, our Echelon2 Direct Power console for 4iiii* offers motivating feedback to the rider that changes the way members ride and how classes train, ultimately improving the member experience. The Echelon2 Console is our smartest design to date \u2013 and an even smarter choice for your gym. *4iiii crank sold separately.<\/li>\n<li>SKU: Echelon2 Console for 4iiii: 718-5767<\/li>\n<li>The 4iiii crank is sold separately:<br \/>\n4iiii Crank for SC (SC5 and SC7): 718-5713<br \/>\n4iiii Crank for Morse Taper AC (AC Sport and AC Performance): 718-5765<br \/>\n4iiii Crank for Threaded AC and IC Classic: 718-5766<\/li>\n<\/ul>\n<p>&nbsp;<\/p>\n<hr \/>\n<p>&nbsp;<\/p>\n<ul>\n<li>Large, easy to read backlit display with all measurements on one screen.<\/li>\n<li>Combine with the 4iiii\u00ae power meter to give you the most accurate power measurement on the market.<\/li>\n<li>Displays: Power (Watts), RPM, Calories, Gait, Heart Rate, Time, Distance, AVG\/MAX Power.<\/li>\n<li>It has multiple options for tracking the cyclist&#039;s workouts, including wireless ANT+ and USB.<\/li>\n<li>Compatible with all AC and SC bikes<\/li>\n<li>Ease of Maintenance \u2013 A plug-and-play design allows for simplified installation, and batteries are housed in one location.<\/li>\n<\/ul>","protected":false},"excerpt":{"rendered":"<p>En Schwinn, estamos comprometidos con el dise\u00f1o de bicicletas que ofrezcan tanto una experiencia aut\u00e9ntica a los ciclistas como un valor duradero a los propietarios de gimnasios y estudios. Es una dedicaci\u00f3n que nos ha llevado a desarrollar la consola con m\u00e1s funciones del sector en la actualidad. Dado que la medici\u00f3n es una herramienta [&hellip;]<\/p>\n","protected":false},"featured_media":1971,"template":"","meta":[],"product_brand":[],"product_cat":[80],"product_tag":[],"class_list":{"0":"post-1970","1":"product","2":"type-product","3":"status-publish","4":"has-post-thumbnail","6":"product_cat-americanas","8":"first","9":"instock","10":"taxable","11":"shipping-taxable","12":"purchasable","13":"product-type-simple"},"_links":{"self":[{"href":"https:\/\/fitcr.com\/en\/wp-json\/wp\/v2\/product\/1970","targetHints":{"allow":["GET"]}}],"collection":[{"href":"https:\/\/fitcr.com\/en\/wp-json\/wp\/v2\/product"}],"about":[{"href":"https:\/\/fitcr.com\/en\/wp-json\/wp\/v2\/types\/product"}],"wp:featuredmedia":[{"embeddable":true,"href":"https:\/\/fitcr.com\/en\/wp-json\/wp\/v2\/media\/1971"}],"wp:attachment":[{"href":"https:\/\/fitcr.com\/en\/wp-json\/wp\/v2\/media?parent=1970"}],"wp:term":[{"taxonomy":"product_brand","embeddable":true,"href":"https:\/\/fitcr.com\/en\/wp-json\/wp\/v2\/product_brand?post=1970"},{"taxonomy":"product_cat","embeddable":true,"href":"https:\/\/fitcr.com\/en\/wp-json\/wp\/v2\/product_cat?post=1970"},{"taxonomy":"product_tag","embeddable":true,"href":"https:\/\/fitcr.com\/en\/wp-json\/wp\/v2\/product_tag?post=1970"}],"curies":[{"name":"wp","href":"https:\/\/api.w.org\/{rel}","templated":true}]}}