{"id":1972,"date":"2023-03-11T11:27:06","date_gmt":"2023-03-11T17:27:06","guid":{"rendered":"https:\/\/fitcr.com\/?post_type=product&#038;p=1972"},"modified":"2024-09-10T15:38:04","modified_gmt":"2024-09-10T21:38:04","slug":"echelon2-with-power","status":"publish","type":"product","link":"https:\/\/fitcr.com\/en\/product\/echelon2-with-power\/","title":{"rendered":"ECHELON2 (WITH POWER)"},"content":{"rendered":"<ul>\n<li>At Schwinn, we&#039;re committed to designing bikes that offer both an authentic experience for riders and lasting value for gym and studio owners. It&#039;s a dedication that has led us to develop the most feature-rich console in the industry today. As measurement is an added tool that is gaining more and more fans in bike rooms, our Echelon2 console with Resistance Power offers a motivating feedback to the rider that changes the way members ride and how classes train, improving on ultimately the experience of the members. The Echelon2 Console is our smartest design to date \u2013 and an even smarter choice for your gym.<\/li>\n<li>SKUs:<br \/>\nEchelon2 with AC Performance Power Upgrade: 740-8941<br \/>\nEchelon2 with AC Sport Power Upgrade: 740-8942<\/li>\n<li><\/li>\n<\/ul>\n<hr \/>\n<p>&nbsp;<\/p>\n<ul>\n<li>The console, combined with the watt upgrade, offers a number of improvements that make it a valuable and reliable tool in all types of cycling facilities.<\/li>\n<li>Displays: Power, RPM, Calories, Gait, Heart Rate, Time, Distance, AVG\/MAX Power.<br \/>\nData Capture \u2013 Two ways to memorize training data: USB flash drive and ANT+ wireless devices.<\/li>\n<li>Laps and Totals \u2013 Laps measurements can be reset during a ride, making it easy to track multiple segments in class for time, distance, and AVG\/MAX. Totals record the same measurements throughout the run.<\/li>\n<li>Ease of Maintenance \u2013 A plug-and-play design allows for simplified installation, and batteries are housed in one location.<\/li>\n<\/ul>","protected":false},"excerpt":{"rendered":"<p>En Schwinn, estamos comprometidos con el dise\u00f1o de bicicletas que ofrezcan tanto una experiencia aut\u00e9ntica a los ciclistas como un valor duradero a los propietarios de gimnasios y estudios. Es una dedicaci\u00f3n que nos ha llevado a desarrollar la consola con m\u00e1s funciones del sector en la actualidad. Dado que la medici\u00f3n es una herramienta [&hellip;]<\/p>\n","protected":false},"featured_media":1973,"template":"","meta":[],"product_brand":[],"product_cat":[80],"product_tag":[],"class_list":{"0":"post-1972","1":"product","2":"type-product","3":"status-publish","4":"has-post-thumbnail","6":"product_cat-americanas","8":"first","9":"instock","10":"taxable","11":"shipping-taxable","12":"purchasable","13":"product-type-simple"},"_links":{"self":[{"href":"https:\/\/fitcr.com\/en\/wp-json\/wp\/v2\/product\/1972","targetHints":{"allow":["GET"]}}],"collection":[{"href":"https:\/\/fitcr.com\/en\/wp-json\/wp\/v2\/product"}],"about":[{"href":"https:\/\/fitcr.com\/en\/wp-json\/wp\/v2\/types\/product"}],"wp:featuredmedia":[{"embeddable":true,"href":"https:\/\/fitcr.com\/en\/wp-json\/wp\/v2\/media\/1973"}],"wp:attachment":[{"href":"https:\/\/fitcr.com\/en\/wp-json\/wp\/v2\/media?parent=1972"}],"wp:term":[{"taxonomy":"product_brand","embeddable":true,"href":"https:\/\/fitcr.com\/en\/wp-json\/wp\/v2\/product_brand?post=1972"},{"taxonomy":"product_cat","embeddable":true,"href":"https:\/\/fitcr.com\/en\/wp-json\/wp\/v2\/product_cat?post=1972"},{"taxonomy":"product_tag","embeddable":true,"href":"https:\/\/fitcr.com\/en\/wp-json\/wp\/v2\/product_tag?post=1972"}],"curies":[{"name":"wp","href":"https:\/\/api.w.org\/{rel}","templated":true}]}}