{"id":2136,"date":"2023-06-19T09:13:00","date_gmt":"2023-06-19T15:13:00","guid":{"rendered":"https:\/\/fitcr.com\/?post_type=product&#038;p=2136"},"modified":"2026-01-21T14:47:58","modified_gmt":"2026-01-21T20:47:58","slug":"gtz-6078r-linear-leg-press","status":"publish","type":"product","link":"https:\/\/fitcr.com\/en\/product\/gtz-6078r-linear-leg-press\/","title":{"rendered":"G6078R LINEAR LEG PRESS"},"content":{"rendered":"<ul>\n<li>Size (length x width x height) mm: 2695*1568*1500<\/li>\n<li>Tube: 60*120*3mm rectangular steel machine<\/li>\n<li>Equipment weight: 220kg<\/li>\n<li>Maximum load weight: 500 kg<\/li>\n<li>Muscles: quadriceps, hamstrings and glutes.<\/li>\n<\/ul>\n<p>&nbsp;<\/p>\n<hr \/>\n<p>&nbsp;<\/p>\n<ul>\n<li>Double-loaded team<\/li>\n<li>The Linear Leg Press replicates a lower body pushing motion with a constant load profile and is ideal for strengthening the quads, hamstrings and glutes.<\/li>\n<li>The Linear Leg Press machine has three different backrest pad support settings and the handle is located above the pedal, making it easy to put on and take off.<\/li>\n<li>It has an easy-to-use frame release mechanism that can be used to improve safety and comfort.<\/li>\n<\/ul>","protected":false},"excerpt":{"rendered":"<p>Tama\u00f1o (largo x ancho x alto) mm: 2695*1568*1500 Tubo: M\u00e1quina de acero rectangular de 60*120*3 mm Peso del equipo: 220kg Peso m\u00e1ximo de carga: 500 kg M\u00fasculos: cu\u00e1driceps, isquiotibiales y gl\u00fateos. &nbsp; &nbsp; Equipo con doble carga La m\u00e1quina Linear Leg Press replica movimiento de empuje de la parte inferior del cuerpo con un perfil [&hellip;]<\/p>\n","protected":false},"featured_media":2332,"template":"","meta":[],"product_brand":[],"product_cat":[42],"product_tag":[],"class_list":{"0":"post-2136","1":"product","2":"type-product","3":"status-publish","4":"has-post-thumbnail","6":"product_cat-fuerza","8":"first","9":"instock","10":"sale","11":"taxable","12":"shipping-taxable","13":"purchasable","14":"product-type-simple"},"_links":{"self":[{"href":"https:\/\/fitcr.com\/en\/wp-json\/wp\/v2\/product\/2136","targetHints":{"allow":["GET"]}}],"collection":[{"href":"https:\/\/fitcr.com\/en\/wp-json\/wp\/v2\/product"}],"about":[{"href":"https:\/\/fitcr.com\/en\/wp-json\/wp\/v2\/types\/product"}],"wp:featuredmedia":[{"embeddable":true,"href":"https:\/\/fitcr.com\/en\/wp-json\/wp\/v2\/media\/2332"}],"wp:attachment":[{"href":"https:\/\/fitcr.com\/en\/wp-json\/wp\/v2\/media?parent=2136"}],"wp:term":[{"taxonomy":"product_brand","embeddable":true,"href":"https:\/\/fitcr.com\/en\/wp-json\/wp\/v2\/product_brand?post=2136"},{"taxonomy":"product_cat","embeddable":true,"href":"https:\/\/fitcr.com\/en\/wp-json\/wp\/v2\/product_cat?post=2136"},{"taxonomy":"product_tag","embeddable":true,"href":"https:\/\/fitcr.com\/en\/wp-json\/wp\/v2\/product_tag?post=2136"}],"curies":[{"name":"wp","href":"https:\/\/api.w.org\/{rel}","templated":true}]}}