{"id":2345,"date":"2023-10-28T10:26:21","date_gmt":"2023-10-28T16:26:21","guid":{"rendered":"https:\/\/fitcr.com\/?post_type=product&#038;p=2345"},"modified":"2025-12-06T12:20:24","modified_gmt":"2025-12-06T18:20:24","slug":"multi-gym-1-station-home","status":"publish","type":"product","link":"https:\/\/fitcr.com\/en\/product\/multi-gym-1-station-home\/","title":{"rendered":"TR482 MULTI GYM STATION HOME"},"content":{"rendered":"<ul>\n<li style=\"text-align: left\">Multi-gym residential line of one station<\/li>\n<li style=\"text-align: left\">Weight stack: 75 kg<\/li>\n<li style=\"text-align: left\">Includes accessories<\/li>\n<li style=\"text-align: left\">Dimensions: 195x100x216cm<\/li>\n<\/ul>\n<hr \/>\n<p style=\"text-align: left\">\u00a0 \u00a0 \u00a0 \u00a0 <strong>Se pueden realizar m\u00e1s de 17 ejercicios<\/strong><\/p>\n<ul>\n<li style=\"text-align: left\"><strong>Tr\u00edceps:<\/strong> Flexi\u00f3n de tr\u00edceps, extensi\u00f3n de tr\u00edceps sentado, extensi\u00f3n de tr\u00edceps inclinada, patada hacia atr\u00e1s.<\/li>\n<li style=\"text-align: left\"><strong>Pecho:<\/strong> Jalon lateral, mariposa, contractor pectoral.<\/li>\n<li style=\"text-align: left\"><strong>B\u00edceps: <\/strong>Extensi\u00f3n de b\u00edceps sentado, flexi\u00f3n de brazos de pie.<\/li>\n<li style=\"text-align: left\"><strong>Piernas:<\/strong> Extensi\u00f3n de piernas, flexi\u00f3n piernas , add del muslo de pie, abd del muslo de pie.<\/li>\n<li style=\"text-align: left\"><strong>Espalda y Hombros:<\/strong> Remo bajo, elevaci\u00f3n de deltoides, flexi\u00f3n lateral.<\/li>\n<li style=\"text-align: left\"><strong>Abdominales:<\/strong> Abdominales con polea.<\/li>\n<li style=\"text-align: left\"><strong>Combinados:<\/strong> Press de pecho vertical.<\/li>\n<\/ul>\n<p>&nbsp;<\/p>\n<p><em><strong>Im\u00e1genes con fines ilustrativos **<\/strong><\/em><\/p>","protected":false},"excerpt":{"rendered":"<p>Multigimnasio l\u00ednea residencial de una estaci\u00f3n Stack de peso: \u00a075 kg Incluye accesorios Dimensiones: 195x100x216 cm \u00a0 \u00a0 \u00a0 \u00a0 Se pueden realizar m\u00e1s de 17 ejercicios Tr\u00edceps: Flexi\u00f3n de tr\u00edceps, extensi\u00f3n de tr\u00edceps sentado, extensi\u00f3n de tr\u00edceps inclinada, patada hacia atr\u00e1s. Pecho: Jalon lateral, mariposa, contractor pectoral. B\u00edceps: Extensi\u00f3n de b\u00edceps sentado, flexi\u00f3n de [&hellip;]<\/p>\n","protected":false},"featured_media":2360,"template":"","meta":[],"product_brand":[],"product_cat":[24],"product_tag":[],"class_list":{"0":"post-2345","1":"product","2":"type-product","3":"status-publish","4":"has-post-thumbnail","6":"product_cat-linea-residencial","8":"first","9":"instock","10":"sale","11":"taxable","12":"shipping-taxable","13":"purchasable","14":"product-type-simple"},"_links":{"self":[{"href":"https:\/\/fitcr.com\/en\/wp-json\/wp\/v2\/product\/2345","targetHints":{"allow":["GET"]}}],"collection":[{"href":"https:\/\/fitcr.com\/en\/wp-json\/wp\/v2\/product"}],"about":[{"href":"https:\/\/fitcr.com\/en\/wp-json\/wp\/v2\/types\/product"}],"wp:featuredmedia":[{"embeddable":true,"href":"https:\/\/fitcr.com\/en\/wp-json\/wp\/v2\/media\/2360"}],"wp:attachment":[{"href":"https:\/\/fitcr.com\/en\/wp-json\/wp\/v2\/media?parent=2345"}],"wp:term":[{"taxonomy":"product_brand","embeddable":true,"href":"https:\/\/fitcr.com\/en\/wp-json\/wp\/v2\/product_brand?post=2345"},{"taxonomy":"product_cat","embeddable":true,"href":"https:\/\/fitcr.com\/en\/wp-json\/wp\/v2\/product_cat?post=2345"},{"taxonomy":"product_tag","embeddable":true,"href":"https:\/\/fitcr.com\/en\/wp-json\/wp\/v2\/product_tag?post=2345"}],"curies":[{"name":"wp","href":"https:\/\/api.w.org\/{rel}","templated":true}]}}