{"id":2355,"date":"2023-10-31T11:49:11","date_gmt":"2023-10-31T17:49:11","guid":{"rendered":"https:\/\/fitcr.com\/?post_type=product&#038;p=2355"},"modified":"2025-06-04T10:27:31","modified_gmt":"2025-06-04T16:27:31","slug":"sentadilla-hack-pendulo","status":"publish","type":"product","link":"https:\/\/fitcr.com\/en\/product\/sentadilla-hack-pendulo\/","title":{"rendered":"PHSM+ PENDULUM HACK SQUAT"},"content":{"rendered":"<ul>\n<li>Hack squats are gym equipment designed to work the muscles of the legs, particularly the quadriceps, glutes and hamstrings.<\/li>\n<li>Dimensions: 215 x 85 x 156 cm<\/li>\n<\/ul>","protected":false},"excerpt":{"rendered":"<p>Sentadillas hack, es un equipo de gimnasio dise\u00f1ado para trabajar los m\u00fasculos de las piernas, en particular los cu\u00e1driceps, gl\u00fateos e isquiotibiales. Dimensiones: 215 x 85 x 156 cm<\/p>","protected":false},"featured_media":2848,"template":"","meta":[],"product_brand":[],"product_cat":[42],"product_tag":[],"class_list":{"0":"post-2355","1":"product","2":"type-product","3":"status-publish","4":"has-post-thumbnail","6":"product_cat-fuerza","8":"first","9":"instock","10":"taxable","11":"shipping-taxable","12":"purchasable","13":"product-type-simple"},"_links":{"self":[{"href":"https:\/\/fitcr.com\/en\/wp-json\/wp\/v2\/product\/2355","targetHints":{"allow":["GET"]}}],"collection":[{"href":"https:\/\/fitcr.com\/en\/wp-json\/wp\/v2\/product"}],"about":[{"href":"https:\/\/fitcr.com\/en\/wp-json\/wp\/v2\/types\/product"}],"wp:featuredmedia":[{"embeddable":true,"href":"https:\/\/fitcr.com\/en\/wp-json\/wp\/v2\/media\/2848"}],"wp:attachment":[{"href":"https:\/\/fitcr.com\/en\/wp-json\/wp\/v2\/media?parent=2355"}],"wp:term":[{"taxonomy":"product_brand","embeddable":true,"href":"https:\/\/fitcr.com\/en\/wp-json\/wp\/v2\/product_brand?post=2355"},{"taxonomy":"product_cat","embeddable":true,"href":"https:\/\/fitcr.com\/en\/wp-json\/wp\/v2\/product_cat?post=2355"},{"taxonomy":"product_tag","embeddable":true,"href":"https:\/\/fitcr.com\/en\/wp-json\/wp\/v2\/product_tag?post=2355"}],"curies":[{"name":"wp","href":"https:\/\/api.w.org\/{rel}","templated":true}]}}