{"id":2361,"date":"2023-11-06T11:35:02","date_gmt":"2023-11-06T17:35:02","guid":{"rendered":"https:\/\/fitcr.com\/?post_type=product&#038;p=2361"},"modified":"2024-10-14T13:37:30","modified_gmt":"2024-10-14T19:37:30","slug":"gtz-8123r-tibia-dorsi-flexion","status":"publish","type":"product","link":"https:\/\/fitcr.com\/en\/product\/gtz-8123r-tibia-dorsi-flexion\/","title":{"rendered":"GTZ-8123R TIBIA DORSI FLEXI\u00d3N"},"content":{"rendered":"<ul>\n<li>Tama\u00f1o de la m\u00e1quina (L*An*Al) mm: 435*945*390<\/li>\n<li>Tubo: acero rectangular R de 50*100*3 mm, 40*80*3 mm<\/li>\n<li>Peso de la m\u00e1quina: 31 kg<\/li>\n<\/ul>","protected":false},"excerpt":{"rendered":"<p>Tama\u00f1o de la m\u00e1quina (L*An*Al) mm: 435*945*390 Tubo: acero rectangular R de 50*100*3 mm, 40*80*3 mm Peso de la m\u00e1quina: 31 kg<\/p>","protected":false},"featured_media":2362,"template":"","meta":[],"product_brand":[],"product_cat":[42],"product_tag":[],"class_list":{"0":"post-2361","1":"product","2":"type-product","3":"status-publish","4":"has-post-thumbnail","6":"product_cat-fuerza","8":"first","9":"instock","10":"taxable","11":"shipping-taxable","12":"purchasable","13":"product-type-simple"},"_links":{"self":[{"href":"https:\/\/fitcr.com\/en\/wp-json\/wp\/v2\/product\/2361","targetHints":{"allow":["GET"]}}],"collection":[{"href":"https:\/\/fitcr.com\/en\/wp-json\/wp\/v2\/product"}],"about":[{"href":"https:\/\/fitcr.com\/en\/wp-json\/wp\/v2\/types\/product"}],"wp:featuredmedia":[{"embeddable":true,"href":"https:\/\/fitcr.com\/en\/wp-json\/wp\/v2\/media\/2362"}],"wp:attachment":[{"href":"https:\/\/fitcr.com\/en\/wp-json\/wp\/v2\/media?parent=2361"}],"wp:term":[{"taxonomy":"product_brand","embeddable":true,"href":"https:\/\/fitcr.com\/en\/wp-json\/wp\/v2\/product_brand?post=2361"},{"taxonomy":"product_cat","embeddable":true,"href":"https:\/\/fitcr.com\/en\/wp-json\/wp\/v2\/product_cat?post=2361"},{"taxonomy":"product_tag","embeddable":true,"href":"https:\/\/fitcr.com\/en\/wp-json\/wp\/v2\/product_tag?post=2361"}],"curies":[{"name":"wp","href":"https:\/\/api.w.org\/{rel}","templated":true}]}}