{"id":2367,"date":"2023-11-27T15:21:07","date_gmt":"2023-11-27T21:21:07","guid":{"rendered":"https:\/\/fitcr.com\/?post_type=product&#038;p=2367"},"modified":"2025-02-18T14:07:26","modified_gmt":"2025-02-18T20:07:26","slug":"gtz-8136r-hip-thrust-glute-machine","status":"publish","type":"product","link":"https:\/\/fitcr.com\/en\/product\/gtz-8136r-hip-thrust-glute-machine\/","title":{"rendered":"GTZ-8136R HIP THRUST GLUTE MACHINE"},"content":{"rendered":"<ul>\n<li>Tama\u00f1o de la m\u00e1quina (L*An*Al) mm: 1470*1500*860<\/li>\n<li>Full commercial use (max load weight 250 kg)<\/li>\n<\/ul>\n<p>&nbsp;<\/p>\n<hr \/>\n<p>&nbsp;<\/p>\n<ul>\n<li>Esta m\u00e1quina de empuje de cadera Glute Drive es nuestra nueva e innovadora m\u00e1quina de carga de placas, con cintur\u00f3n de hebilla totalmente ajustable, que hace que el empuje de cadera sea seguro y f\u00e1cil de usar.<\/li>\n<li>Nuestra m\u00e1quina de empuje de cadera Glute Drive proporciona un excelente entrenamiento de gl\u00fateos con su plataforma de pies ajustable, lo que permite un rango de movimiento m\u00e1s profundo y una resistencia constante para mejores resultados. La m\u00e1quina tiene un dise\u00f1o compacto, lo que hace que sea muy f\u00e1cil encontrar un lugar para ella en su gimnasio.<\/li>\n<li>Almohadilla de espalda ergon\u00f3mica que sigue y sostiene la espalda a lo largo de todo el movimiento para un uso suave. Se adapta a todas las longitudes y formas corporales. \u00a1Un verdadero potenciador de gl\u00fateos que a sus miembros les encantar\u00e1!<\/li>\n<\/ul>","protected":false},"excerpt":{"rendered":"<p>Tama\u00f1o de la m\u00e1quina (L*An*Al) mm: 1470*1500*860 Uso comercial completo (peso m\u00e1ximo de carga 250 kg) &nbsp; &nbsp; Esta m\u00e1quina de empuje de cadera Glute Drive es nuestra nueva e innovadora m\u00e1quina de carga de placas, con cintur\u00f3n de hebilla totalmente ajustable, que hace que el empuje de cadera sea seguro y f\u00e1cil de usar. [&hellip;]<\/p>\n","protected":false},"featured_media":2368,"template":"","meta":[],"product_brand":[],"product_cat":[42],"product_tag":[],"class_list":{"0":"post-2367","1":"product","2":"type-product","3":"status-publish","4":"has-post-thumbnail","6":"product_cat-fuerza","8":"first","9":"instock","10":"sale","11":"taxable","12":"shipping-taxable","13":"purchasable","14":"product-type-simple"},"_links":{"self":[{"href":"https:\/\/fitcr.com\/en\/wp-json\/wp\/v2\/product\/2367","targetHints":{"allow":["GET"]}}],"collection":[{"href":"https:\/\/fitcr.com\/en\/wp-json\/wp\/v2\/product"}],"about":[{"href":"https:\/\/fitcr.com\/en\/wp-json\/wp\/v2\/types\/product"}],"wp:featuredmedia":[{"embeddable":true,"href":"https:\/\/fitcr.com\/en\/wp-json\/wp\/v2\/media\/2368"}],"wp:attachment":[{"href":"https:\/\/fitcr.com\/en\/wp-json\/wp\/v2\/media?parent=2367"}],"wp:term":[{"taxonomy":"product_brand","embeddable":true,"href":"https:\/\/fitcr.com\/en\/wp-json\/wp\/v2\/product_brand?post=2367"},{"taxonomy":"product_cat","embeddable":true,"href":"https:\/\/fitcr.com\/en\/wp-json\/wp\/v2\/product_cat?post=2367"},{"taxonomy":"product_tag","embeddable":true,"href":"https:\/\/fitcr.com\/en\/wp-json\/wp\/v2\/product_tag?post=2367"}],"curies":[{"name":"wp","href":"https:\/\/api.w.org\/{rel}","templated":true}]}}